{"id":160,"date":"2019-10-24T14:11:06","date_gmt":"2019-10-24T17:11:06","guid":{"rendered":"http:\/\/opatriota.org\/?page_id=160"},"modified":"2022-12-31T16:03:44","modified_gmt":"2022-12-31T19:03:44","slug":"direitos-humanos-para-humanos-direitos-para-criminosos-o-tumulo","status":"publish","type":"page","link":"https:\/\/opatriota.org\/?page_id=160","title":{"rendered":"Direitos humanos para humanos direitos&#8230; Para criminosos o t\u00famulo!"},"content":{"rendered":"<p style=\"text-align: justify;\">Que palha\u00e7ada \u00e9 essa de dignidade e direitos dos r\u00e9us? E as v\u00edtimas? N\u00e3o tem direito algum?<\/p>\n<p style=\"text-align: justify;\"><strong>QUEM SUSTENTA ESTA MERDA DE REPUBLIQUETA BANANEIRA? O CIDAD\u00c3O QUE TRABALHA E PAGA IMPOSTOS OU OS CRIMINISOS E CORRUPTOS QUE O ROUBA??? QUEM \u00c9 MAIS IMPORTANTE????<\/strong><\/p>\n<p style=\"text-align: center;\">[<a href=\"javascript:history.go(-1)\">Voltar<\/a>]<\/p>\n","protected":false},"excerpt":{"rendered":"<p>Que palha\u00e7ada \u00e9 essa de dignidade e direitos dos r\u00e9us? E as v\u00edtimas? N\u00e3o tem direito algum? QUEM SUSTENTA ESTA MERDA DE REPUBLIQUETA BANANEIRA? O CIDAD\u00c3O QUE TRABALHA E PAGA IMPOSTOS OU OS CRIMINISOS E CORRUPTOS QUE O ROUBA??? QUEM \u00c9 MAIS IMPORTANTE???? [Voltar]<\/p>\n","protected":false},"author":1,"featured_media":0,"parent":0,"menu_order":0,"comment_status":"closed","ping_status":"closed","template":"","meta":{"ngg_post_thumbnail":0,"footnotes":""},"class_list":["post-160","page","type-page","status-publish","hentry"],"_links":{"self":[{"href":"https:\/\/opatriota.org\/index.php?rest_route=\/wp\/v2\/pages\/160","targetHints":{"allow":["GET"]}}],"collection":[{"href":"https:\/\/opatriota.org\/index.php?rest_route=\/wp\/v2\/pages"}],"about":[{"href":"https:\/\/opatriota.org\/index.php?rest_route=\/wp\/v2\/types\/page"}],"author":[{"embeddable":true,"href":"https:\/\/opatriota.org\/index.php?rest_route=\/wp\/v2\/users\/1"}],"replies":[{"embeddable":true,"href":"https:\/\/opatriota.org\/index.php?rest_route=%2Fwp%2Fv2%2Fcomments&post=160"}],"version-history":[{"count":1,"href":"https:\/\/opatriota.org\/index.php?rest_route=\/wp\/v2\/pages\/160\/revisions"}],"predecessor-version":[{"id":65597,"href":"https:\/\/opatriota.org\/index.php?rest_route=\/wp\/v2\/pages\/160\/revisions\/65597"}],"wp:attachment":[{"href":"https:\/\/opatriota.org\/index.php?rest_route=%2Fwp%2Fv2%2Fmedia&parent=160"}],"curies":[{"name":"wp","href":"https:\/\/api.w.org\/{rel}","templated":true}]}}