{"id":196,"date":"2019-10-25T23:24:03","date_gmt":"2019-10-26T02:24:03","guid":{"rendered":"http:\/\/opatriota.org\/?page_id=196"},"modified":"2022-12-31T16:00:08","modified_gmt":"2022-12-31T19:00:08","slug":"o-que-ha-por-tras-do-desespero-em-combater-as-fake-news-noticias-falsas","status":"publish","type":"page","link":"https:\/\/opatriota.org\/?page_id=196","title":{"rendered":"O que h\u00e1 por tr\u00e1s do desespero em combater as \u201cfake news\u201d (not\u00edcias falsas)?"},"content":{"rendered":"<p style=\"text-align: justify;\"><strong>O MEDO DAS TRUE NEWS (NOT\u00cdCIAS VERDADEIRAS) QUE SE VIEREM \u00c0 TONA, MANDAR\u00c3O TODOS OS FI\u00c9IS COMBATENTES DAS FAKE NEWS PARA ATR\u00c1S DAS GRADES. ESSA \u00c9 A VERDADE QUE EST\u00c3O ESCONDENDO.<\/strong><\/p>\n<p style=\"text-align: center;\">[<a href=\"javascript:history.go(-1)\">Voltar<\/a>]<\/p>\n","protected":false},"excerpt":{"rendered":"<p>O MEDO DAS TRUE NEWS (NOT\u00cdCIAS VERDADEIRAS) QUE SE VIEREM \u00c0 TONA, MANDAR\u00c3O TODOS OS FI\u00c9IS COMBATENTES DAS FAKE NEWS PARA ATR\u00c1S DAS GRADES. ESSA \u00c9 A VERDADE QUE EST\u00c3O ESCONDENDO. [Voltar]<\/p>\n","protected":false},"author":1,"featured_media":0,"parent":0,"menu_order":0,"comment_status":"closed","ping_status":"closed","template":"","meta":{"ngg_post_thumbnail":0,"footnotes":""},"class_list":["post-196","page","type-page","status-publish","hentry"],"_links":{"self":[{"href":"https:\/\/opatriota.org\/index.php?rest_route=\/wp\/v2\/pages\/196","targetHints":{"allow":["GET"]}}],"collection":[{"href":"https:\/\/opatriota.org\/index.php?rest_route=\/wp\/v2\/pages"}],"about":[{"href":"https:\/\/opatriota.org\/index.php?rest_route=\/wp\/v2\/types\/page"}],"author":[{"embeddable":true,"href":"https:\/\/opatriota.org\/index.php?rest_route=\/wp\/v2\/users\/1"}],"replies":[{"embeddable":true,"href":"https:\/\/opatriota.org\/index.php?rest_route=%2Fwp%2Fv2%2Fcomments&post=196"}],"version-history":[{"count":1,"href":"https:\/\/opatriota.org\/index.php?rest_route=\/wp\/v2\/pages\/196\/revisions"}],"predecessor-version":[{"id":65572,"href":"https:\/\/opatriota.org\/index.php?rest_route=\/wp\/v2\/pages\/196\/revisions\/65572"}],"wp:attachment":[{"href":"https:\/\/opatriota.org\/index.php?rest_route=%2Fwp%2Fv2%2Fmedia&parent=196"}],"curies":[{"name":"wp","href":"https:\/\/api.w.org\/{rel}","templated":true}]}}