{"id":268,"date":"2019-10-30T18:32:40","date_gmt":"2019-10-30T21:32:40","guid":{"rendered":"http:\/\/opatriota.org\/?page_id=268"},"modified":"2022-12-31T16:01:55","modified_gmt":"2022-12-31T19:01:55","slug":"lista-de-politicos-que-nao-merecem-voto-nem-para-coveiro-de-cemiterio","status":"publish","type":"page","link":"https:\/\/opatriota.org\/?page_id=268","title":{"rendered":"Lista de pol\u00edticos que n\u00e3o merecem voto nem para coveiro de cemit\u00e9rio"},"content":{"rendered":"<p>A bem da verdade n\u00e3o deveria ser permitido reelei\u00e7\u00e3o para nenhum cargo eletivo. De s\u00edndico de condom\u00ednio \u00e0 presidente da Rep\u00fablica, passando por deputados e senadores, especialmente estes \u00faltimos, ningu\u00e9m poderia ser reeleito, pois com as infind\u00e1veis reelei\u00e7\u00f5es se formam as quadrilhas que roubam e destroem um pa\u00eds.<\/p>\n<p>A cambada de traidores, corruptos, sanguessugas, oportunistas abaixo N\u00c3O devem ser reeleitos, EM HIP\u00d3TESE alguma, pois s\u00e3o o que existe de pior na pol\u00edtica tupiniquim.  Lembre-se bem deles e chute o traseiro sujo e nojento deles.<\/p>\n<ol>\n<li>Renan Calheiros<\/li>\n<li>Rodrigo Botafogo Maia<\/li>\n<li>Alexandre Frota<\/li>\n<\/ol>\n","protected":false},"excerpt":{"rendered":"<p>A bem da verdade n\u00e3o deveria ser permitido reelei\u00e7\u00e3o para nenhum cargo eletivo. De s\u00edndico de condom\u00ednio \u00e0 presidente da Rep\u00fablica, passando por deputados e senadores, especialmente estes \u00faltimos, ningu\u00e9m poderia ser reeleito, pois com as infind\u00e1veis reelei\u00e7\u00f5es se formam as quadrilhas que roubam e destroem um pa\u00eds. A cambada de traidores, corruptos, sanguessugas, oportunistas &hellip; <a href=\"https:\/\/opatriota.org\/?page_id=268\" class=\"more-link\">Continuar lendo <span class=\"screen-reader-text\">Lista de pol\u00edticos que n\u00e3o merecem voto nem para coveiro de cemit\u00e9rio<\/span><\/a><\/p>\n","protected":false},"author":1,"featured_media":0,"parent":0,"menu_order":0,"comment_status":"closed","ping_status":"closed","template":"","meta":{"ngg_post_thumbnail":0,"footnotes":""},"class_list":["post-268","page","type-page","status-publish","hentry"],"_links":{"self":[{"href":"https:\/\/opatriota.org\/index.php?rest_route=\/wp\/v2\/pages\/268","targetHints":{"allow":["GET"]}}],"collection":[{"href":"https:\/\/opatriota.org\/index.php?rest_route=\/wp\/v2\/pages"}],"about":[{"href":"https:\/\/opatriota.org\/index.php?rest_route=\/wp\/v2\/types\/page"}],"author":[{"embeddable":true,"href":"https:\/\/opatriota.org\/index.php?rest_route=\/wp\/v2\/users\/1"}],"replies":[{"embeddable":true,"href":"https:\/\/opatriota.org\/index.php?rest_route=%2Fwp%2Fv2%2Fcomments&post=268"}],"version-history":[{"count":1,"href":"https:\/\/opatriota.org\/index.php?rest_route=\/wp\/v2\/pages\/268\/revisions"}],"predecessor-version":[{"id":65580,"href":"https:\/\/opatriota.org\/index.php?rest_route=\/wp\/v2\/pages\/268\/revisions\/65580"}],"wp:attachment":[{"href":"https:\/\/opatriota.org\/index.php?rest_route=%2Fwp%2Fv2%2Fmedia&parent=268"}],"curies":[{"name":"wp","href":"https:\/\/api.w.org\/{rel}","templated":true}]}}