{"id":27610,"date":"2015-10-09T13:17:45","date_gmt":"2015-10-09T13:17:45","guid":{"rendered":"http:\/\/opatriota.org\/portal\/?page_id=27610"},"modified":"2022-12-31T16:13:05","modified_gmt":"2022-12-31T19:13:05","slug":"abestado-discursando-sobre-meio-ambiente-e-polucao","status":"publish","type":"page","link":"https:\/\/opatriota.org\/?page_id=27610","title":{"rendered":"Abestado discursando sobre meio-ambiente e polui\u00e7\u00e3o"},"content":{"rendered":"<p style=\"text-align: justify;\"><span id=\"docs-internal-guid-5e9d86c8-4799-622e-ffd1-44fbfe8c3ba2\">Quanto voc\u00ea teria coragem de desembolsar para assistir a uma palestra proferida por este jegue b\u00eabado e analfabeto (jumentos e amebas n\u00e3o s\u00e3o alfabetiz\u00e1veis)?<\/span><\/p>\n<p style=\"text-align: justify;\"><span id=\"docs-internal-guid-5e9d86c8-479d-04f6-b172-a498167a21b8\">Assista ao v\u00eddeo abaixo e confira a &#8220;amplitude&#8221; dos conhecimentos do abestado Lula, um paran\u00f3ico <\/span><span id=\"docs-internal-guid-5e9d86c8-479d-04f6-b172-a498167a21b8\"><span id=\"docs-internal-guid-5e9d86c8-479f-9192-e250-267baf691d68\"> e megaloman\u00edaco<\/span><\/span><span id=\"docs-internal-guid-5e9d86c8-479d-04f6-b172-a498167a21b8\"> que se acha estadista e intelectual, mas n\u00e3o passa de um idiota, corrupto e detentor de um QI (quociente de intelig\u00eancia) de ameba em coma alco\u00f3lico.<\/span><\/p>\n<p style=\"text-align: center;\"><video controls=\"controls\" width=\"560\" height=\"\"><source src=\"\/mp4\/885.mp4\" type=\"video\/mp4\" \/><\/video><\/p>\n<p style=\"text-align: center;\">[<a href=\"javascript:history.go(-1)\">Voltar<\/a>]<\/p>\n","protected":false},"excerpt":{"rendered":"<p>Quanto voc\u00ea teria coragem de desembolsar para assistir a uma palestra proferida por este jegue b\u00eabado e analfabeto (jumentos e amebas n\u00e3o s\u00e3o alfabetiz\u00e1veis)? Assista ao v\u00eddeo abaixo e confira a &#8220;amplitude&#8221; dos conhecimentos do abestado Lula, um paran\u00f3ico e megaloman\u00edaco que se acha estadista e intelectual, mas n\u00e3o passa de um idiota, corrupto e &hellip; <a href=\"https:\/\/opatriota.org\/?page_id=27610\" class=\"more-link\">Continuar lendo <span class=\"screen-reader-text\">Abestado discursando sobre meio-ambiente e polui\u00e7\u00e3o<\/span><\/a><\/p>\n","protected":false},"author":1,"featured_media":0,"parent":0,"menu_order":0,"comment_status":"closed","ping_status":"closed","template":"","meta":{"ngg_post_thumbnail":0,"footnotes":""},"class_list":["post-27610","page","type-page","status-publish","hentry"],"_links":{"self":[{"href":"https:\/\/opatriota.org\/index.php?rest_route=\/wp\/v2\/pages\/27610","targetHints":{"allow":["GET"]}}],"collection":[{"href":"https:\/\/opatriota.org\/index.php?rest_route=\/wp\/v2\/pages"}],"about":[{"href":"https:\/\/opatriota.org\/index.php?rest_route=\/wp\/v2\/types\/page"}],"author":[{"embeddable":true,"href":"https:\/\/opatriota.org\/index.php?rest_route=\/wp\/v2\/users\/1"}],"replies":[{"embeddable":true,"href":"https:\/\/opatriota.org\/index.php?rest_route=%2Fwp%2Fv2%2Fcomments&post=27610"}],"version-history":[{"count":1,"href":"https:\/\/opatriota.org\/index.php?rest_route=\/wp\/v2\/pages\/27610\/revisions"}],"predecessor-version":[{"id":65619,"href":"https:\/\/opatriota.org\/index.php?rest_route=\/wp\/v2\/pages\/27610\/revisions\/65619"}],"wp:attachment":[{"href":"https:\/\/opatriota.org\/index.php?rest_route=%2Fwp%2Fv2%2Fmedia&parent=27610"}],"curies":[{"name":"wp","href":"https:\/\/api.w.org\/{rel}","templated":true}]}}