{"id":35736,"date":"2016-08-31T21:21:54","date_gmt":"2016-08-31T21:21:54","guid":{"rendered":"http:\/\/opatriota.org\/?page_id=35736"},"modified":"2022-12-31T16:01:55","modified_gmt":"2022-12-31T19:01:55","slug":"listas-dos-parasitas-do-contribuinte-e-traidores-do-povo-brasileiro","status":"publish","type":"page","link":"https:\/\/opatriota.org\/?page_id=35736","title":{"rendered":"Listas dos parasitas do contribuinte e traidores do povo brasileiro"},"content":{"rendered":"<p style=\"text-align:justify;\">A bancada do jardim de inf\u00e2ncia, bando de aloprados que tumultuou tudo at\u00e9 o \u00faltimo minuto do processo e votaram contra o impeachment:<\/p>\n<ul>\n<li style=\"text-align:justify;\">Angela Portela (PT-RR)<\/li>\n<li style=\"text-align:justify;\">Armando Monteiro (PTB-PE)<\/li>\n<li style=\"text-align:justify;\">Elmano F\u00e9rrer (PTB-PI)<\/li>\n<li style=\"text-align:justify;\">F\u00e1tima Bezerra (PT-RN)<\/li>\n<li style=\"text-align:justify;\">Gleisi Hoffmann (PT-RR)<\/li>\n<li style=\"text-align:justify;\">Humberto Costa (PT-PE)<\/li>\n<li style=\"text-align:justify;\">Jo\u00e3o Capiberibe (PSB-AP)<\/li>\n<li style=\"text-align:justify;\">Jorge Viana (PT-AC)<\/li>\n<li style=\"text-align:justify;\">Jos\u00e9 Pimentel (PT-CE)<\/li>\n<li style=\"text-align:justify;\">K\u00e1tia Abreu (PMDB-TO)<\/li>\n<li style=\"text-align:justify;\">L\u00eddice da Mata (PSB-BA)<\/li>\n<li style=\"text-align:justify;\">Lindbergh Farias (PT-RJ)<\/li>\n<li style=\"text-align:justify;\">Otto Alencar (PSD-BA)<\/li>\n<li style=\"text-align:justify;\">Paulo Paim (PT-RS)<\/li>\n<li style=\"text-align:justify;\">Paulo Rocha (PT-PA)<\/li>\n<li style=\"text-align:justify;\">Randolfe Rodrigues (Rede-AP)<\/li>\n<li style=\"text-align:justify;\">Regina Sousa (PT-PI)<\/li>\n<li style=\"text-align:justify;\">Roberto Muniz (PP-BA)<\/li>\n<li style=\"text-align:justify;\">Roberto Requi\u00e3o (PMDB-PR)<\/li>\n<li style=\"text-align:justify;\">Vanessa Grazziotin (PCdoB-AM)<\/li>\n<\/ul>\n<p style=\"text-align:justify;\">Lista dos cretinos, irrespons\u00e1veis e corruptos que rasgaram e limparam a bunda com a constitui\u00e7\u00e3o e votaram a contra ou se abstiveram de votar pela cassa\u00e7\u00e3o\u00a0dos direitos pol\u00edticos da PSICOPATA VAGABUNDA, conforme prescreve o art. 52 da Constitui\u00e7\u00e3o Federal:<\/p>\n<ul>\n<li>Acir Gurgacz<\/li>\n<li>Antonio Carlos Valadares<\/li>\n<li>Cidinho Santos<\/li>\n<li>Cristovam Buarque<\/li>\n<li>Edison Lob\u00e3o<\/li>\n<li>Eduardo Braga<\/li>\n<li>Eun\u00edcio Oliveira &#8211; absten\u00e7\u00e3o<\/li>\n<li>H\u00e9lio Jos\u00e9<\/li>\n<li>Jader Barbalho<\/li>\n<li>Jo\u00e3o Alberto Souza<\/li>\n<li>Maria do Carmo Alves &#8211; absten\u00e7\u00e3o<\/li>\n<li>Raimundo Lira<\/li>\n<li>Renan Calheiros<\/li>\n<li>Roberto Rocha<\/li>\n<li>Rose de Freitas<\/li>\n<li>Telm\u00e1rio Mota<\/li>\n<li>Valdir Raupp &#8211; absten\u00e7\u00e3o<\/li>\n<li>Vicentinho Alves<\/li>\n<li>Wellington Fagundes<\/li>\n<\/ul>\n<p style=\"text-align:justify;\">Vamos enterrar a carreira desses traidores nas pr\u00f3ximas elei\u00e7\u00f5es.<\/p>\n<p>&nbsp;<\/p>\n","protected":false},"excerpt":{"rendered":"<p>A bancada do jardim de inf\u00e2ncia, bando de aloprados que tumultuou tudo at\u00e9 o \u00faltimo minuto do processo e votaram contra o impeachment: Angela Portela (PT-RR) Armando Monteiro (PTB-PE) Elmano F\u00e9rrer (PTB-PI) F\u00e1tima Bezerra (PT-RN) Gleisi Hoffmann (PT-RR) Humberto Costa (PT-PE) Jo\u00e3o Capiberibe (PSB-AP) Jorge Viana (PT-AC) Jos\u00e9 Pimentel (PT-CE) K\u00e1tia Abreu (PMDB-TO) L\u00eddice da &hellip; <a href=\"https:\/\/opatriota.org\/?page_id=35736\" class=\"more-link\">Continuar lendo <span class=\"screen-reader-text\">Listas dos parasitas do contribuinte e traidores do povo brasileiro<\/span><\/a><\/p>\n","protected":false},"author":1,"featured_media":0,"parent":0,"menu_order":0,"comment_status":"closed","ping_status":"closed","template":"","meta":{"ngg_post_thumbnail":0,"footnotes":""},"class_list":["post-35736","page","type-page","status-publish","hentry"],"_links":{"self":[{"href":"https:\/\/opatriota.org\/index.php?rest_route=\/wp\/v2\/pages\/35736","targetHints":{"allow":["GET"]}}],"collection":[{"href":"https:\/\/opatriota.org\/index.php?rest_route=\/wp\/v2\/pages"}],"about":[{"href":"https:\/\/opatriota.org\/index.php?rest_route=\/wp\/v2\/types\/page"}],"author":[{"embeddable":true,"href":"https:\/\/opatriota.org\/index.php?rest_route=\/wp\/v2\/users\/1"}],"replies":[{"embeddable":true,"href":"https:\/\/opatriota.org\/index.php?rest_route=%2Fwp%2Fv2%2Fcomments&post=35736"}],"version-history":[{"count":1,"href":"https:\/\/opatriota.org\/index.php?rest_route=\/wp\/v2\/pages\/35736\/revisions"}],"predecessor-version":[{"id":65581,"href":"https:\/\/opatriota.org\/index.php?rest_route=\/wp\/v2\/pages\/35736\/revisions\/65581"}],"wp:attachment":[{"href":"https:\/\/opatriota.org\/index.php?rest_route=%2Fwp%2Fv2%2Fmedia&parent=35736"}],"curies":[{"name":"wp","href":"https:\/\/api.w.org\/{rel}","templated":true}]}}