{"id":35787,"date":"2016-09-17T17:14:56","date_gmt":"2016-09-17T20:14:56","guid":{"rendered":"http:\/\/opatriota.org\/?page_id=35787"},"modified":"2022-12-31T16:01:56","modified_gmt":"2022-12-31T19:01:56","slug":"lula-na-posse-de-carmen-lucia","status":"publish","type":"page","link":"https:\/\/opatriota.org\/?page_id=35787","title":{"rendered":"Lula na posse de Carmen L\u00facia&#8230;"},"content":{"rendered":"<p style=\"text-align:justify;\">Esse canalha nojento, psicopata, ordin\u00e1rio, corrupto e imprest\u00e1vel comparecer \u00e0\u00a0posse da ministra Carmen L\u00facia \u00e9 um insulto tanto ao contribuinte que paga os sal\u00e1rios dos magistrados que est\u00e3o no STF, quanto aos pr\u00f3prios ministros que ele chamou de covardes e tem feito de tudo para desmoraliz\u00e1-los.<\/p>\n<p style=\"text-align:justify;\">Lula faz a mesma coisa que o man\u00edaco sexual que estupra uma menininha de quatro anos com requintes de crueldade e perversidade de fazerem inveja at\u00e9 ao capeta e depois vai chorar no vel\u00f3rio e se colocar a disposi\u00e7\u00e3o da Pol\u00edcia para ajudar a prender o criminoso, como se ele n\u00e3o tivesse nada a ver com aquilo.<\/p>\n<p style=\"text-align:justify;\">Essa \u00e9 a \u00fanica compara\u00e7\u00e3o que cabe a essa atitude do molusco com QI e DNA de ameba em coma alco\u00f3lico que conseguiu ser o\u00a0ente\u00a0mais odiado de todos os tempos e em todos os lugares.<\/p>\n<p style=\"text-align:justify;\">Fuja logo do Brasil, vagabundo imprest\u00e1vel. Queremos v\u00ea-lo morto e enterrado.<\/p>\n<p style=\"text-align:justify;\">O grande consolo foi a LENHA que o Min. Celso de Mello desceu no energ\u00fameno, que estava sentado bem atr\u00e1s dele.<\/p>\n<p style=\"text-align:justify;\">O canalha levou PAU com vontade\u00a0do Min.\u00a0Celso de Mello que lavou a alma do povo brasileiro. Vejam no v\u00eddeo abaixo:<\/p>\n<p style=\"text-align: center;\"><video controls=\"controls\" width=\"560\" height=\"\"><source src=\"\/mp4\/1103.mp4\" type=\"video\/mp4\" \/><\/video><\/p>\n<p style=\"text-align: center;\">[<a href=\"javascript:history.go(-1)\">Voltar<\/a>]<\/p>\n","protected":false},"excerpt":{"rendered":"<p>Esse canalha nojento, psicopata, ordin\u00e1rio, corrupto e imprest\u00e1vel comparecer \u00e0\u00a0posse da ministra Carmen L\u00facia \u00e9 um insulto tanto ao contribuinte que paga os sal\u00e1rios dos magistrados que est\u00e3o no STF, quanto aos pr\u00f3prios ministros que ele chamou de covardes e tem feito de tudo para desmoraliz\u00e1-los. Lula faz a mesma coisa que o man\u00edaco sexual &hellip; <a href=\"https:\/\/opatriota.org\/?page_id=35787\" class=\"more-link\">Continuar lendo <span class=\"screen-reader-text\">Lula na posse de Carmen L\u00facia&#8230;<\/span><\/a><\/p>\n","protected":false},"author":1,"featured_media":0,"parent":0,"menu_order":0,"comment_status":"closed","ping_status":"closed","template":"","meta":{"ngg_post_thumbnail":0,"footnotes":""},"class_list":["post-35787","page","type-page","status-publish","hentry"],"_links":{"self":[{"href":"https:\/\/opatriota.org\/index.php?rest_route=\/wp\/v2\/pages\/35787","targetHints":{"allow":["GET"]}}],"collection":[{"href":"https:\/\/opatriota.org\/index.php?rest_route=\/wp\/v2\/pages"}],"about":[{"href":"https:\/\/opatriota.org\/index.php?rest_route=\/wp\/v2\/types\/page"}],"author":[{"embeddable":true,"href":"https:\/\/opatriota.org\/index.php?rest_route=\/wp\/v2\/users\/1"}],"replies":[{"embeddable":true,"href":"https:\/\/opatriota.org\/index.php?rest_route=%2Fwp%2Fv2%2Fcomments&post=35787"}],"version-history":[{"count":1,"href":"https:\/\/opatriota.org\/index.php?rest_route=\/wp\/v2\/pages\/35787\/revisions"}],"predecessor-version":[{"id":65587,"href":"https:\/\/opatriota.org\/index.php?rest_route=\/wp\/v2\/pages\/35787\/revisions\/65587"}],"wp:attachment":[{"href":"https:\/\/opatriota.org\/index.php?rest_route=%2Fwp%2Fv2%2Fmedia&parent=35787"}],"curies":[{"name":"wp","href":"https:\/\/api.w.org\/{rel}","templated":true}]}}