{"id":35900,"date":"2016-09-30T02:11:03","date_gmt":"2016-09-30T02:11:03","guid":{"rendered":"http:\/\/opatriota.org\/?page_id=35900"},"modified":"2022-12-31T16:00:08","modified_gmt":"2022-12-31T19:00:08","slug":"missao-e-obrigacao-de-todos-os-brasileiros-serios-honestos-e-patriotas","status":"publish","type":"page","link":"https:\/\/opatriota.org\/?page_id=35900","title":{"rendered":"Miss\u00e3o e obriga\u00e7\u00e3o de todos os brasileiros s\u00e9rios, honestos e patriotas"},"content":{"rendered":"<ul>\n<li>Varrer a corrup\u00e7\u00e3o e o colonialismo que assolam o Brasil.<\/li>\n<li>N\u00e3o ao mensal\u00e3o.<\/li>\n<li>N\u00e3o ao cuec\u00e3o.<\/li>\n<li>N\u00e3o ao valerioduto.<\/li>\n<li>N\u00e3o para qualquer tipo de propinoduto<\/li>\n<li>N\u00e3o \u00e0 reelei\u00e7\u00e3o para qualquer n\u00edvel \u2013 de vereador \u00e0 presidente da rep\u00fablica.<\/li>\n<li>N\u00e3o \u00e0 Mentirobr\u00e1s.<\/li>\n<li>N\u00e3o \u00e0 impunidade.<\/li>\n<li>N\u00e3o \u00e0s cotas raciais.<\/li>\n<li>N\u00e3o aos golpes e a influ\u00eancia dos ve\u00edculos de comunica\u00e7\u00e3o de massa.<\/li>\n<li>N\u00e3o aos pol\u00edticos que legislam em causa pr\u00f3pria, em detrimento daqueles que representam.<\/li>\n<li>CADEIA para pol\u00edtico safado, vagabundo, oportunista e LADR\u00c3O<\/li>\n<li>N\u00e3o ao colonialismo dos EUA, da Micro$oft e muitos outros que n\u00e3o respeitam nossas leis e desejam nos escravizar.<\/li>\n<li>N\u00e3o ao PNDH 3 e todo e qualquer tipo de ideologia comunista-marxista-leninista<\/li>\n<li>Defender a liberdade, a propriedade, a democracia, a igualdade, a fraternidade, o respeito, a disciplina e a ordem.<\/li>\n<li>Valorizar a vida humana e amar a P\u00e1tria e a Humanidade.<\/li>\n<li>Defender o fraco e socorrer o oprimido.<\/li>\n<li>Lutar pelo engrandecimento do Brasil e pela felicidade de todos os brasileiros, sem distin\u00e7\u00e3o de credo, sexo, etnia ou classe s\u00f3cio-econ\u00f4mica.<\/li>\n<li>Ser um vanguardista da paz, da justu\u00e7a e da uni\u00e3o entre os povos.<\/li>\n<li>Cumprir e fazer cumprir a Constitui\u00e7\u00e3o da Rep\u00fablica Federativa do Brasil e todas as demais leis que regem a P\u00e1tria.<\/li>\n<\/ul>\n<p><strong><em>Jus sum unicuiquee tribuere<\/em><\/strong><br \/>\n(Justi\u00e7a \u00e9 dar a cada um o que lhe \u00e9 devido)<\/p>\n","protected":false},"excerpt":{"rendered":"<p>Varrer a corrup\u00e7\u00e3o e o colonialismo que assolam o Brasil. N\u00e3o ao mensal\u00e3o. N\u00e3o ao cuec\u00e3o. N\u00e3o ao valerioduto. N\u00e3o para qualquer tipo de propinoduto N\u00e3o \u00e0 reelei\u00e7\u00e3o para qualquer n\u00edvel \u2013 de vereador \u00e0 presidente da rep\u00fablica. N\u00e3o \u00e0 Mentirobr\u00e1s. N\u00e3o \u00e0 impunidade. N\u00e3o \u00e0s cotas raciais. N\u00e3o aos golpes e a influ\u00eancia dos &hellip; <a href=\"https:\/\/opatriota.org\/?page_id=35900\" class=\"more-link\">Continuar lendo <span class=\"screen-reader-text\">Miss\u00e3o e obriga\u00e7\u00e3o de todos os brasileiros s\u00e9rios, honestos e patriotas<\/span><\/a><\/p>\n","protected":false},"author":1,"featured_media":0,"parent":0,"menu_order":0,"comment_status":"closed","ping_status":"closed","template":"","meta":{"ngg_post_thumbnail":0,"footnotes":""},"class_list":["post-35900","page","type-page","status-publish","hentry"],"_links":{"self":[{"href":"https:\/\/opatriota.org\/index.php?rest_route=\/wp\/v2\/pages\/35900","targetHints":{"allow":["GET"]}}],"collection":[{"href":"https:\/\/opatriota.org\/index.php?rest_route=\/wp\/v2\/pages"}],"about":[{"href":"https:\/\/opatriota.org\/index.php?rest_route=\/wp\/v2\/types\/page"}],"author":[{"embeddable":true,"href":"https:\/\/opatriota.org\/index.php?rest_route=\/wp\/v2\/users\/1"}],"replies":[{"embeddable":true,"href":"https:\/\/opatriota.org\/index.php?rest_route=%2Fwp%2Fv2%2Fcomments&post=35900"}],"version-history":[{"count":1,"href":"https:\/\/opatriota.org\/index.php?rest_route=\/wp\/v2\/pages\/35900\/revisions"}],"predecessor-version":[{"id":65559,"href":"https:\/\/opatriota.org\/index.php?rest_route=\/wp\/v2\/pages\/35900\/revisions\/65559"}],"wp:attachment":[{"href":"https:\/\/opatriota.org\/index.php?rest_route=%2Fwp%2Fv2%2Fmedia&parent=35900"}],"curies":[{"name":"wp","href":"https:\/\/api.w.org\/{rel}","templated":true}]}}