{"id":36142,"date":"2016-12-04T14:33:37","date_gmt":"2016-12-04T14:33:37","guid":{"rendered":"http:\/\/opatriota.org\/portal\/?page_id=36142"},"modified":"2022-12-31T16:01:55","modified_gmt":"2022-12-31T19:01:55","slug":"feminicidio-que-merda-e-isso","status":"publish","type":"page","link":"https:\/\/opatriota.org\/?page_id=36142","title":{"rendered":"Feminic\u00eddio\u2026 Que MERDA \u00e9 isso?"},"content":{"rendered":"<p style=\"text-align:justify;\">O prefixo <i>homo <\/i>da palavra homic\u00eddio vem do nome cient\u00edfico da esp\u00e9cie humana, <em>Homo sapiens<\/em>, d\u2019onde <i>homo <\/i>significa \u201chumano\u201d, e\u00a0<i>sapiens <\/i>traduz-se por \u201csabido\u201d ou inteligente e, portanto, homic\u00eddio designa o assassinato de humanos e n\u00e3o apenas de homens como um bando de feminazis imbeciloides tenta enfiar na cabe\u00e7a das pessoas como se as mulheres n\u00e3o pertencessem \u00e0 mesma esp\u00e9cie que os homens sendo, com certeza e pelo racioc\u00ednio debiloide delas, resultantes do cruzamento de jumento ac\u00e9falo com ameba comatosa, dando na esp\u00e9cie <i>Mulher sapiens <\/i>subesp\u00e9cie <i>jeguiforme,\u00a0<\/i>devota da mandioca.<\/p>\n<p style=\"text-align:justify;\">Esse \u00e9 o resultado da desgra\u00e7a nojenta imposta pelo lixo ideol\u00f3gico chamado \u201cpoliticamente correto\u201d, criador de pessoas dotadas de intelig\u00eancias raras, culturas medianas e ignor\u00e2ncias profundas, iguais \u00e0 Dilma, Lula e todos os militontos e simpatizantes do sindicato do crime chamado PT.<\/p>\n<p style=\"text-align: center;\">[<a href=\"javascript:history.go(-1)\">Voltar<\/a>]<\/p>\n","protected":false},"excerpt":{"rendered":"<p>O prefixo homo da palavra homic\u00eddio vem do nome cient\u00edfico da esp\u00e9cie humana, Homo sapiens, d\u2019onde homo significa \u201chumano\u201d, e\u00a0sapiens traduz-se por \u201csabido\u201d ou inteligente e, portanto, homic\u00eddio designa o assassinato de humanos e n\u00e3o apenas de homens como um bando de feminazis imbeciloides tenta enfiar na cabe\u00e7a das pessoas como se as mulheres n\u00e3o &hellip; <a href=\"https:\/\/opatriota.org\/?page_id=36142\" class=\"more-link\">Continuar lendo <span class=\"screen-reader-text\">Feminic\u00eddio\u2026 Que MERDA \u00e9 isso?<\/span><\/a><\/p>\n","protected":false},"author":1,"featured_media":0,"parent":0,"menu_order":0,"comment_status":"closed","ping_status":"closed","template":"","meta":{"ngg_post_thumbnail":0,"footnotes":""},"class_list":["post-36142","page","type-page","status-publish","hentry"],"_links":{"self":[{"href":"https:\/\/opatriota.org\/index.php?rest_route=\/wp\/v2\/pages\/36142","targetHints":{"allow":["GET"]}}],"collection":[{"href":"https:\/\/opatriota.org\/index.php?rest_route=\/wp\/v2\/pages"}],"about":[{"href":"https:\/\/opatriota.org\/index.php?rest_route=\/wp\/v2\/types\/page"}],"author":[{"embeddable":true,"href":"https:\/\/opatriota.org\/index.php?rest_route=\/wp\/v2\/users\/1"}],"replies":[{"embeddable":true,"href":"https:\/\/opatriota.org\/index.php?rest_route=%2Fwp%2Fv2%2Fcomments&post=36142"}],"version-history":[{"count":1,"href":"https:\/\/opatriota.org\/index.php?rest_route=\/wp\/v2\/pages\/36142\/revisions"}],"predecessor-version":[{"id":65573,"href":"https:\/\/opatriota.org\/index.php?rest_route=\/wp\/v2\/pages\/36142\/revisions\/65573"}],"wp:attachment":[{"href":"https:\/\/opatriota.org\/index.php?rest_route=%2Fwp%2Fv2%2Fmedia&parent=36142"}],"curies":[{"name":"wp","href":"https:\/\/api.w.org\/{rel}","templated":true}]}}