{"id":36317,"date":"2016-11-30T22:06:16","date_gmt":"2016-11-30T22:06:16","guid":{"rendered":"https:\/\/opatriotasite.wordpress.com\/?page_id=36317"},"modified":"2022-12-31T15:08:20","modified_gmt":"2022-12-31T18:08:20","slug":"renan-calheiros-recebeu-22-milhoes-de-reais-em-propinas-da-odebrecht","status":"publish","type":"page","link":"https:\/\/opatriota.org\/?page_id=36317","title":{"rendered":"Renan Calheiros recebeu 22 milh\u00f5es de reais em propinas da Odebrecht"},"content":{"rendered":"<p style=\"text-align:justify;\">E a\u00ed, Supremo Puteiro Federal? N\u00e3o far\u00e3o nada contra esse corrupto delatado por todo mundo? Est\u00e3o com medinho do canalha, bando de cag\u00f5es?<\/p>\n<p style=\"text-align:justify;\">ACORDA, CAMBADA DE\u00a0<span style=\"text-decoration:underline;\"><strong>VAGABUNDOS<\/strong><\/span>, HONREM O SAL\u00c1RIO PAGO COM DINHEIRO ARRANCADO NA MARRA DO CONTRIBUINTE. Leia <a href=\"http:\/\/www.oantagonista.com\/posts\/renan-tem-de-sair\" target=\"_blank\" rel=\"noopener noreferrer\">aqui<\/a><\/p>\n","protected":false},"excerpt":{"rendered":"<p>E a\u00ed, Supremo Puteiro Federal? N\u00e3o far\u00e3o nada contra esse corrupto delatado por todo mundo? Est\u00e3o com medinho do canalha, bando de cag\u00f5es? ACORDA, CAMBADA DE\u00a0VAGABUNDOS, HONREM O SAL\u00c1RIO PAGO COM DINHEIRO ARRANCADO NA MARRA DO CONTRIBUINTE. Leia aqui<\/p>\n","protected":false},"author":1,"featured_media":0,"parent":0,"menu_order":0,"comment_status":"closed","ping_status":"closed","template":"","meta":{"ngg_post_thumbnail":0,"footnotes":""},"class_list":["post-36317","page","type-page","status-publish","hentry"],"_links":{"self":[{"href":"https:\/\/opatriota.org\/index.php?rest_route=\/wp\/v2\/pages\/36317","targetHints":{"allow":["GET"]}}],"collection":[{"href":"https:\/\/opatriota.org\/index.php?rest_route=\/wp\/v2\/pages"}],"about":[{"href":"https:\/\/opatriota.org\/index.php?rest_route=\/wp\/v2\/types\/page"}],"author":[{"embeddable":true,"href":"https:\/\/opatriota.org\/index.php?rest_route=\/wp\/v2\/users\/1"}],"replies":[{"embeddable":true,"href":"https:\/\/opatriota.org\/index.php?rest_route=%2Fwp%2Fv2%2Fcomments&post=36317"}],"version-history":[{"count":1,"href":"https:\/\/opatriota.org\/index.php?rest_route=\/wp\/v2\/pages\/36317\/revisions"}],"predecessor-version":[{"id":65527,"href":"https:\/\/opatriota.org\/index.php?rest_route=\/wp\/v2\/pages\/36317\/revisions\/65527"}],"wp:attachment":[{"href":"https:\/\/opatriota.org\/index.php?rest_route=%2Fwp%2Fv2%2Fmedia&parent=36317"}],"curies":[{"name":"wp","href":"https:\/\/api.w.org\/{rel}","templated":true}]}}