{"id":36582,"date":"2016-12-05T00:08:09","date_gmt":"2016-12-05T02:08:09","guid":{"rendered":"http:\/\/opatriota.org\/portal\/?page_id=36275"},"modified":"2022-12-31T16:00:08","modified_gmt":"2022-12-31T19:00:08","slug":"o-inferno-esta-em-festa-acaba-de-hospedar-fidel-paredon-castro","status":"publish","type":"page","link":"https:\/\/opatriota.org\/?page_id=36582","title":{"rendered":"O inferno est\u00e1 em festa: acaba de hospedar Fidel Pared\u00f3n Castro"},"content":{"rendered":"<p style=\"text-align:justify;\">O ditador sanguin\u00e1rio, ladr\u00e3o, comunista assassino\u00a0e autor de muitas monstruosidades que faltar\u00e3o espa\u00e7o para citar aqui, MORREU e foi direto para o inferno.<\/p>\n<p style=\"text-align:justify;\">Apodre\u00e7a em alta tormenta, abra\u00e7ado ao capeta, ESC\u00d3RIA DA ESC\u00d3RIA DA HUMANIDADE.<\/p>\n<p style=\"text-align:justify;\">Lula tem\u00a0um\u00a0encontro agendado com Fidel em dezembro. Torcemos para que o molusco imprest\u00e1vel mantenha sua palavra e v\u00e1 encontr\u00e1-lo no inferno o mais\u00a0breve poss\u00edvel.\u00a0Leia <a href=\"http:\/\/www.oantagonista.com\/posts\/de-bolsonaro-para-fidel\" target=\"_blank\" rel=\"noopener noreferrer\">mais<\/a><\/p>\n<p style=\"text-align:center;\">\n<div class=\"jetpack-video-wrapper\" style=\"text-align:justify;\">\u00a0<\/div>\n<\/p>\n<p style=\"text-align:center;\">[youtube https:\/\/www.youtube.com\/watch?v=VsV5QtiEubA&#038;w=560&#038;h=315]<\/p>\n","protected":false},"excerpt":{"rendered":"<p>O ditador sanguin\u00e1rio, ladr\u00e3o, comunista assassino\u00a0e autor de muitas monstruosidades que faltar\u00e3o espa\u00e7o para citar aqui, MORREU e foi direto para o inferno. Apodre\u00e7a em alta tormenta, abra\u00e7ado ao capeta, ESC\u00d3RIA DA ESC\u00d3RIA DA HUMANIDADE. Lula tem\u00a0um\u00a0encontro agendado com Fidel em dezembro. Torcemos para que o molusco imprest\u00e1vel mantenha sua palavra e v\u00e1 encontr\u00e1-lo no &hellip; <a href=\"https:\/\/opatriota.org\/?page_id=36582\" class=\"more-link\">Continuar lendo <span class=\"screen-reader-text\">O inferno est\u00e1 em festa: acaba de hospedar Fidel Pared\u00f3n Castro<\/span><\/a><\/p>\n","protected":false},"author":1,"featured_media":0,"parent":0,"menu_order":0,"comment_status":"closed","ping_status":"closed","template":"","meta":{"ngg_post_thumbnail":0,"footnotes":""},"class_list":["post-36582","page","type-page","status-publish","hentry"],"_links":{"self":[{"href":"https:\/\/opatriota.org\/index.php?rest_route=\/wp\/v2\/pages\/36582","targetHints":{"allow":["GET"]}}],"collection":[{"href":"https:\/\/opatriota.org\/index.php?rest_route=\/wp\/v2\/pages"}],"about":[{"href":"https:\/\/opatriota.org\/index.php?rest_route=\/wp\/v2\/types\/page"}],"author":[{"embeddable":true,"href":"https:\/\/opatriota.org\/index.php?rest_route=\/wp\/v2\/users\/1"}],"replies":[{"embeddable":true,"href":"https:\/\/opatriota.org\/index.php?rest_route=%2Fwp%2Fv2%2Fcomments&post=36582"}],"version-history":[{"count":1,"href":"https:\/\/opatriota.org\/index.php?rest_route=\/wp\/v2\/pages\/36582\/revisions"}],"predecessor-version":[{"id":65567,"href":"https:\/\/opatriota.org\/index.php?rest_route=\/wp\/v2\/pages\/36582\/revisions\/65567"}],"wp:attachment":[{"href":"https:\/\/opatriota.org\/index.php?rest_route=%2Fwp%2Fv2%2Fmedia&parent=36582"}],"curies":[{"name":"wp","href":"https:\/\/api.w.org\/{rel}","templated":true}]}}