{"id":36583,"date":"2016-12-05T00:29:47","date_gmt":"2016-12-05T00:29:47","guid":{"rendered":"http:\/\/opatriota.org\/portal\/?page_id=36287"},"modified":"2022-12-31T16:00:08","modified_gmt":"2022-12-31T19:00:08","slug":"mais-de-cinco-horas-de-conversas-gravadas-do-molusco-imprestavel-para-voce-se-enojar","status":"publish","type":"page","link":"https:\/\/opatriota.org\/?page_id=36583","title":{"rendered":"Mais de cinco horas de conversas gravadas do molusco imprest\u00e1vel para voc\u00ea se enojar\u2026"},"content":{"rendered":"<p style=\"text-align:center;\">[youtube https:\/\/www.youtube.com\/watch?v=oM-PzA_K03g&amp;w=560&amp;h=315]<\/p>\n<p style=\"text-align:justify;\">Esse v\u00eddeo j\u00e1 foi tirado do Youtube&nbsp;por obra e gra\u00e7a da esc\u00f3ria petralha que lambe o rabo do abestado delirante.<\/p>\n","protected":false},"excerpt":{"rendered":"<p>[youtube https:\/\/www.youtube.com\/watch?v=oM-PzA_K03g&amp;w=560&amp;h=315] Esse v\u00eddeo j\u00e1 foi tirado do Youtube&nbsp;por obra e gra\u00e7a da esc\u00f3ria petralha que lambe o rabo do abestado delirante.<\/p>\n","protected":false},"author":1,"featured_media":0,"parent":0,"menu_order":0,"comment_status":"closed","ping_status":"closed","template":"","meta":{"ngg_post_thumbnail":0,"footnotes":""},"class_list":["post-36583","page","type-page","status-publish","hentry"],"_links":{"self":[{"href":"https:\/\/opatriota.org\/index.php?rest_route=\/wp\/v2\/pages\/36583","targetHints":{"allow":["GET"]}}],"collection":[{"href":"https:\/\/opatriota.org\/index.php?rest_route=\/wp\/v2\/pages"}],"about":[{"href":"https:\/\/opatriota.org\/index.php?rest_route=\/wp\/v2\/types\/page"}],"author":[{"embeddable":true,"href":"https:\/\/opatriota.org\/index.php?rest_route=\/wp\/v2\/users\/1"}],"replies":[{"embeddable":true,"href":"https:\/\/opatriota.org\/index.php?rest_route=%2Fwp%2Fv2%2Fcomments&post=36583"}],"version-history":[{"count":1,"href":"https:\/\/opatriota.org\/index.php?rest_route=\/wp\/v2\/pages\/36583\/revisions"}],"predecessor-version":[{"id":65556,"href":"https:\/\/opatriota.org\/index.php?rest_route=\/wp\/v2\/pages\/36583\/revisions\/65556"}],"wp:attachment":[{"href":"https:\/\/opatriota.org\/index.php?rest_route=%2Fwp%2Fv2%2Fmedia&parent=36583"}],"curies":[{"name":"wp","href":"https:\/\/api.w.org\/{rel}","templated":true}]}}