{"id":37271,"date":"2017-03-07T17:34:50","date_gmt":"2017-03-07T17:34:50","guid":{"rendered":"https:\/\/opatriotasite.wordpress.com\/?page_id=37271"},"modified":"2022-12-31T16:00:08","modified_gmt":"2022-12-31T19:00:08","slug":"nao-existe-almoco-gratis","status":"publish","type":"page","link":"https:\/\/opatriota.org\/?page_id=37271","title":{"rendered":"N\u00e3o existe almo\u00e7o gr\u00e1tis"},"content":{"rendered":"<p style=\"text-align:justify;\">Na metade de uma aula, em uma universidade, um dos alunos, inesperadamente perguntou ao professor:<\/p>\n<p style=\"text-align:justify;\">\u2012 O senhor sabe como se capturam os porcos selvagens?<\/p>\n<p style=\"text-align:justify;\">\u00a0O professor achou que era uma piada e esperava uma resposta engra\u00e7ada. O jovem respondeu que n\u00e3o era uma piada, e com seriedade come\u00e7ou sua disserta\u00e7\u00e3o:<\/p>\n<p style=\"text-align:justify;\">\u00a0\u2012 Para capturar porcos selvagens, primeiro localiza-se um lugar na floresta que os porcos selvagens costumam frequentar, e ali coloca-se \u00a0um pouco de milho no ch\u00e3o, diariamente.<\/p>\n<p style=\"text-align:justify;\">Assim, os porcos selvagens v\u00eam diariamente para comer o milho \u201cgr\u00e1tis\u201d e, quando se acostumam a vir diariamente, voc\u00ea constr\u00f3i uma cerca no entorno do local, onde eles se acostumaram a comer, um lado de cada vez\u2026 A\u00ed, quando eles se acostumam com a cerca, eles voltam para comer o milho, e voc\u00ea constr\u00f3i outro lado da cerca\u2026<\/p>\n<p style=\"text-align:justify;\">Eles voltam a acostumar-se e voltam a comer.<\/p>\n<p style=\"text-align:justify;\">Voc\u00ea vai construindo a cerca no entorno, pouco a pouco, at\u00e9 instalar os quatro lados do cercado em torno dos porcos.<\/p>\n<p style=\"text-align:justify;\">No final, instala uma porta no \u00faltimo lado.<\/p>\n<p style=\"text-align:justify;\">Os porcos j\u00e1 est\u00e3o habituados ao milho f\u00e1cil e \u00e0s cercas e assim come\u00e7am a vir sozinhos pela entrada.<\/p>\n<p style=\"text-align:justify;\">\u00c9 a\u00ed que voc\u00ea fecha o port\u00e3o e captura a todo o grupo.<\/p>\n<p style=\"text-align:justify;\">Simples assim, no passo a passo, at\u00e9 que no \u00faltimo segundo os porcos perdem sua liberdade. Eles come\u00e7am a correr em c\u00edrculos dentro da cerca, mas j\u00e1 est\u00e3o presos. Depois, come\u00e7am a comer o milho f\u00e1cil e gratuito. Ficam t\u00e3o acostumados a isso que esquecem como ca\u00e7ar por si mesmos, e por isso aceitam a escravid\u00e3o.<\/p>\n<p style=\"text-align:justify;\">Mais ainda, mostram-se gratos com os seus captores e, por gera\u00e7\u00f5es, v\u00e3o felizes ao matadouro. E nem desconfiam que a m\u00e3o que alimenta \u00e9 a mesma que lhes abate.<\/p>\n<p style=\"text-align:justify;\">O jovem comentou com o professor que era exatamente isso que ele via acontecer no seu pa\u00eds, no seu estado, em sua cidade, com o seu povo.<\/p>\n<p style=\"text-align:justify;\">Governos populistas, em seus projetos ditatoriais, escondidos sob o manto \u201cdemocr\u00e1tico\u201d, lhes estiveram jogando milho gratuito por tempo suficiente para alcan\u00e7ar a mansid\u00e3o sistem\u00e1tica.<\/p>\n<p style=\"text-align:justify;\">E cada novo \u201cGoverno Salvador\u201d disfar\u00e7a, em \u201cprogramas sociais\u201d, suas esmolas, d\u00e1 dinheiro que tira do bolso do pr\u00f3prio trabalhador, realiza miss\u00f5es, planos, remiss\u00e3o, leis de \u201cprote\u00e7\u00e3o\u201d, subs\u00eddios para qualquer coisa, expropria\u00e7\u00f5es indevidas, programas de \u201cbem-estar social\u201d, festas, feiras ou festivais, uniformes, p\u00e3o e circo, transporte \u201cgr\u00e1tis\u201d,<\/p>\n<p style=\"text-align:justify;\">\u201cG R A T I S\u201d!<\/p>\n<p style=\"text-align:justify;\">Toda essa \u201cgratuidade\u201d que nos oferecem tais vigaristas, disfar\u00e7ados de pol\u00edticos, cheia de felicidade para um povo mal acostumado com as migalhas do milho f\u00e1cil e \u201cgratuito\u201d, roubam-nos a capacidade de sermos cr\u00edticos, pensantes e pessoas empreendedoras. No entanto, claro que nada nos saiu \u201cde gra\u00e7a\u201d. Logo, \u201cn\u00e3o existe almo\u00e7o gr\u00e1tis\u201d!<\/p>\n<p style=\"text-align:justify;\">Finalmente, se voc\u00ea se d\u00e1 conta de que toda essa maravilhosa \u201cajuda\u201d governamental \u00e9 um problema que se op\u00f5e ao futuro da democracia no nosso pa\u00eds, dever\u00e1 compartilhar esta mensagem.<br \/>\n(Texto circulante nas redes sociais.)<\/p>\n","protected":false},"excerpt":{"rendered":"<p>Na metade de uma aula, em uma universidade, um dos alunos, inesperadamente perguntou ao professor: \u2012 O senhor sabe como se capturam os porcos selvagens? \u00a0O professor achou que era uma piada e esperava uma resposta engra\u00e7ada. O jovem respondeu que n\u00e3o era uma piada, e com seriedade come\u00e7ou sua disserta\u00e7\u00e3o: \u00a0\u2012 Para capturar porcos &hellip; <a href=\"https:\/\/opatriota.org\/?page_id=37271\" class=\"more-link\">Continuar lendo <span class=\"screen-reader-text\">N\u00e3o existe almo\u00e7o gr\u00e1tis<\/span><\/a><\/p>\n","protected":false},"author":1,"featured_media":0,"parent":0,"menu_order":0,"comment_status":"closed","ping_status":"closed","template":"","meta":{"ngg_post_thumbnail":0,"footnotes":""},"class_list":["post-37271","page","type-page","status-publish","hentry"],"_links":{"self":[{"href":"https:\/\/opatriota.org\/index.php?rest_route=\/wp\/v2\/pages\/37271","targetHints":{"allow":["GET"]}}],"collection":[{"href":"https:\/\/opatriota.org\/index.php?rest_route=\/wp\/v2\/pages"}],"about":[{"href":"https:\/\/opatriota.org\/index.php?rest_route=\/wp\/v2\/types\/page"}],"author":[{"embeddable":true,"href":"https:\/\/opatriota.org\/index.php?rest_route=\/wp\/v2\/users\/1"}],"replies":[{"embeddable":true,"href":"https:\/\/opatriota.org\/index.php?rest_route=%2Fwp%2Fv2%2Fcomments&post=37271"}],"version-history":[{"count":1,"href":"https:\/\/opatriota.org\/index.php?rest_route=\/wp\/v2\/pages\/37271\/revisions"}],"predecessor-version":[{"id":65560,"href":"https:\/\/opatriota.org\/index.php?rest_route=\/wp\/v2\/pages\/37271\/revisions\/65560"}],"wp:attachment":[{"href":"https:\/\/opatriota.org\/index.php?rest_route=%2Fwp%2Fv2%2Fmedia&parent=37271"}],"curies":[{"name":"wp","href":"https:\/\/api.w.org\/{rel}","templated":true}]}}