{"id":39764,"date":"2018-01-19T14:13:49","date_gmt":"2018-01-19T14:13:49","guid":{"rendered":"https:\/\/opatriotasite.wordpress.com\/?page_id=39764"},"modified":"2022-12-31T16:01:55","modified_gmt":"2022-12-31T19:01:55","slug":"lei-de-seguranca-nacional-nos-canalhas-que-defendem-lula","status":"publish","type":"page","link":"https:\/\/opatriota.org\/?page_id=39764","title":{"rendered":"Lei de Seguran\u00e7a Nacional nos canalhas que defendem Lula"},"content":{"rendered":"<p style=\"text-align: justify;\"><strong><span style=\"text-decoration: underline;\">TEM QUE PRENDER E CASSAR<\/span>, ESPECIALMENTE OS POL\u00cdTICOS QUE EST\u00c3O INCITANDO A VIOL\u00caNCIA PARA DEFENDER LULA. LUGAR DE CORRUPTO, VAGABUNDO, COMUNISTA SAFADO, PARASITA E ASSASSINO \u00c9 NO QUINTO DOS INFERNOS!!! PREFERENCIALMENTE&nbsp;<span style=\"text-decoration: underline;\">MORTOS!!!<\/span><\/strong><\/p>\n<p style=\"text-align: justify;\">Discordo do Sen. Magno Malta: Nelson Mandela n\u00e3o se fez pelo car\u00e1ter e pelo pacifismo, ao contr\u00e1rio, ele era t\u00e3o comunista quanto Gleisi, Z\u00e9 Dirceu&nbsp;<em>et<\/em> caterva e ordenou diversas emboscadas com assassinatos de negros, tentando jogar a culpa no governo racista sul-africano com o objetivo claro de derrub\u00e1-lo e implantar o comunismo na \u00c1frica do Sul.<\/p>\n<p style=\"text-align: justify;\">Nelson Mandela pertenceu \u00e0 mesma gera\u00e7\u00e3o comunista maldita que Dilma Rousseff (a mulher sapiens com QI de jumento ac\u00e9falo), Z\u00e9 Dirceu, Franklin Martins, Marighela, Lamarca e demais loucos assassinos, adoradores de Stalin, Pol Pot, Fidel Pared\u00f3n Castro e tantos outros dem\u00f4nios que a ideologia marxista produziu no s\u00e9culo XX.<\/p>\n<p style=\"text-align: justify;\">Nelson Mandela s\u00f3 foi libertado quando a Uni\u00e3o Sovi\u00e9tica sucumbiu sozinha, por fal\u00eancia financeira e ideol\u00f3gica, devido \u00e0 insustentabilidade econ\u00f4mica e pol\u00edtica do odioso regime sanguin\u00e1rio que matou mais que o dobro da primeira e segunda guerras mundiais somadas.<\/p>\n<p style=\"text-align: center;\"><iframe loading=\"lazy\" src=\"\/\/www.youtube.com\/embed\/Vv7BYtyiNtE\" width=\"560\" height=\"314\" allowfullscreen=\"allowfullscreen\"><\/iframe>&nbsp;<\/p>\n","protected":false},"excerpt":{"rendered":"<p>TEM QUE PRENDER E CASSAR, ESPECIALMENTE OS POL\u00cdTICOS QUE EST\u00c3O INCITANDO A VIOL\u00caNCIA PARA DEFENDER LULA. LUGAR DE CORRUPTO, VAGABUNDO, COMUNISTA SAFADO, PARASITA E ASSASSINO \u00c9 NO QUINTO DOS INFERNOS!!! PREFERENCIALMENTE&nbsp;MORTOS!!! Discordo do Sen. Magno Malta: Nelson Mandela n\u00e3o se fez pelo car\u00e1ter e pelo pacifismo, ao contr\u00e1rio, ele era t\u00e3o comunista quanto Gleisi, Z\u00e9 &hellip; <a href=\"https:\/\/opatriota.org\/?page_id=39764\" class=\"more-link\">Continuar lendo <span class=\"screen-reader-text\">Lei de Seguran\u00e7a Nacional nos canalhas que defendem Lula<\/span><\/a><\/p>\n","protected":false},"author":1,"featured_media":0,"parent":0,"menu_order":0,"comment_status":"closed","ping_status":"closed","template":"","meta":{"ngg_post_thumbnail":0,"footnotes":""},"class_list":["post-39764","page","type-page","status-publish","hentry"],"_links":{"self":[{"href":"https:\/\/opatriota.org\/index.php?rest_route=\/wp\/v2\/pages\/39764","targetHints":{"allow":["GET"]}}],"collection":[{"href":"https:\/\/opatriota.org\/index.php?rest_route=\/wp\/v2\/pages"}],"about":[{"href":"https:\/\/opatriota.org\/index.php?rest_route=\/wp\/v2\/types\/page"}],"author":[{"embeddable":true,"href":"https:\/\/opatriota.org\/index.php?rest_route=\/wp\/v2\/users\/1"}],"replies":[{"embeddable":true,"href":"https:\/\/opatriota.org\/index.php?rest_route=%2Fwp%2Fv2%2Fcomments&post=39764"}],"version-history":[{"count":1,"href":"https:\/\/opatriota.org\/index.php?rest_route=\/wp\/v2\/pages\/39764\/revisions"}],"predecessor-version":[{"id":65578,"href":"https:\/\/opatriota.org\/index.php?rest_route=\/wp\/v2\/pages\/39764\/revisions\/65578"}],"wp:attachment":[{"href":"https:\/\/opatriota.org\/index.php?rest_route=%2Fwp%2Fv2%2Fmedia&parent=39764"}],"curies":[{"name":"wp","href":"https:\/\/api.w.org\/{rel}","templated":true}]}}