{"id":39775,"date":"2018-01-20T21:06:49","date_gmt":"2018-01-20T21:06:49","guid":{"rendered":"https:\/\/opatriotasite.wordpress.com\/?page_id=39775"},"modified":"2022-12-31T15:08:20","modified_gmt":"2022-12-31T18:08:20","slug":"vamos-mostrar-o-brasil-que-temos-e-nao-queremos","status":"publish","type":"page","link":"https:\/\/opatriota.org\/?page_id=39775","title":{"rendered":"Vamos mostrar o Brasil que temos e n\u00e3o queremos"},"content":{"rendered":"<p style=\"text-align:justify;\">A Globo esta convocando a popula\u00e7\u00e3o a enviar v\u00eddeos de lugares bonitinhos ao fundo, no qual, voc\u00ea, arrumadinho, bem sorridente, dever\u00e1 dizer sobre o &#8221; Pa\u00eds que voc\u00ea quer&#8221;. E, assim, ela d\u00e1 in\u00edcio a sua campanha pol\u00edtica, cutucando os internautas a terem os seus 15 segundos de fama para montar a sua base, cheia de gente bonitinha em lugares bonitinhos.<\/p>\n<p style=\"text-align:justify;\">Que bonito, hein?<\/p>\n<p style=\"text-align:justify;\">Pe\u00e7o aos vaidosos de plant\u00e3o que n\u00e3o se deixem seduzir pelo chamamento \u00e1 vaidade e fa\u00e7am muitos, mas muitos mesmo, muitos v\u00eddeos com o real cen\u00e1rio do que temos no momento, ou seja, lotem a caixa deles com as imagens dos hospitais falindo, suas filas, e todas mazelas que n\u00e3o deveriam existir, inclusive a de desempregados.<\/p>\n<p style=\"text-align:justify;\">Mostrem o sucateamento da nossa pol\u00edcia, de sua frota, dos seus equipamentos e armamento; A decad\u00eancia do ensino e abandono das escolas.<\/p>\n<p style=\"text-align:justify;\">Mostrem as imagens dos arrast\u00f5es, dos assaltos, de toda a falta de seguran\u00e7a que temos.<\/p>\n<p style=\"text-align:justify;\">Mostrem as avenidas e ruas esburacadas, viadutos sem manuten\u00e7\u00e3o, ruas sem asfalto, ilumina\u00e7\u00e3o, \u00e1reas alagadas, \u00e1reas em total abandono, esgoto a c\u00e9u aberto, mendigos que povoam as ruas, pre\u00e7os exorbitantes, invas\u00f5es de terras&#8230;<\/p>\n<p style=\"text-align:justify;\">Enfim, tudo o que estamos vivendo, inclusive, o mau atendimento que temos daqueles que deveriam lembrar de que somos n\u00f3s que pagamos o seu sal\u00e1rio, \u00e9 o m\u00ednimo que eles podem oferecer \u00e9 a educa\u00e7\u00e3o no trato com as pessoas.<\/p>\n<p style=\"text-align:justify;\">Vamos inverter o tema para o &#8221; O pa\u00eds que eu n\u00e3o quero&#8221; e manda ver nos v\u00eddeos. Se eles querem cenas bonitinhas para fazerem as suas mat\u00e9rias, que fa\u00e7am sozinhos. Se \u00e9 para o povo ajudar, que seja para mostrar o que eles n\u00e3o querem ver.<\/p>\n<p style=\"text-align:justify;\">Vamos l\u00e1 gente! Vamos mostrar o Pa\u00eds que n\u00e3o queremos mais e que as m\u00eddias ajudaram a construir iludindo as massas. \u00c9 hora de devolver!<\/p>\n<p style=\"text-align:justify;\">VAMOS VIRALIZAR ESTA MENSAGEM EM TODAS REDES SOCIAIS.<\/p>\n<p>&nbsp;<\/p>\n","protected":false},"excerpt":{"rendered":"<p>A Globo esta convocando a popula\u00e7\u00e3o a enviar v\u00eddeos de lugares bonitinhos ao fundo, no qual, voc\u00ea, arrumadinho, bem sorridente, dever\u00e1 dizer sobre o &#8221; Pa\u00eds que voc\u00ea quer&#8221;. E, assim, ela d\u00e1 in\u00edcio a sua campanha pol\u00edtica, cutucando os internautas a terem os seus 15 segundos de fama para montar a sua base, cheia &hellip; <a href=\"https:\/\/opatriota.org\/?page_id=39775\" class=\"more-link\">Continuar lendo <span class=\"screen-reader-text\">Vamos mostrar o Brasil que temos e n\u00e3o queremos<\/span><\/a><\/p>\n","protected":false},"author":1,"featured_media":0,"parent":0,"menu_order":0,"comment_status":"closed","ping_status":"closed","template":"","meta":{"ngg_post_thumbnail":0,"footnotes":""},"class_list":["post-39775","page","type-page","status-publish","hentry"],"_links":{"self":[{"href":"https:\/\/opatriota.org\/index.php?rest_route=\/wp\/v2\/pages\/39775","targetHints":{"allow":["GET"]}}],"collection":[{"href":"https:\/\/opatriota.org\/index.php?rest_route=\/wp\/v2\/pages"}],"about":[{"href":"https:\/\/opatriota.org\/index.php?rest_route=\/wp\/v2\/types\/page"}],"author":[{"embeddable":true,"href":"https:\/\/opatriota.org\/index.php?rest_route=\/wp\/v2\/users\/1"}],"replies":[{"embeddable":true,"href":"https:\/\/opatriota.org\/index.php?rest_route=%2Fwp%2Fv2%2Fcomments&post=39775"}],"version-history":[{"count":1,"href":"https:\/\/opatriota.org\/index.php?rest_route=\/wp\/v2\/pages\/39775\/revisions"}],"predecessor-version":[{"id":65533,"href":"https:\/\/opatriota.org\/index.php?rest_route=\/wp\/v2\/pages\/39775\/revisions\/65533"}],"wp:attachment":[{"href":"https:\/\/opatriota.org\/index.php?rest_route=%2Fwp%2Fv2%2Fmedia&parent=39775"}],"curies":[{"name":"wp","href":"https:\/\/api.w.org\/{rel}","templated":true}]}}