{"id":39812,"date":"2018-01-28T00:45:13","date_gmt":"2018-01-28T00:45:13","guid":{"rendered":"https:\/\/opatriotasite.wordpress.com\/?page_id=39812"},"modified":"2022-12-31T16:01:55","modified_gmt":"2022-12-31T19:01:55","slug":"indio-da-costa-lula-ficou-inelegivel-ele-pode-ate-espernear-mas-e-a-lei","status":"publish","type":"page","link":"https:\/\/opatriota.org\/?page_id=39812","title":{"rendered":"\u00cdndio da Costa: Lula ficou ineleg\u00edvel. Ele pode at\u00e9 espernear, mas \u00e9 a lei!"},"content":{"rendered":"<p style=\"text-align: justify;\">Vamos vem quem ser\u00e1 o lambe cu do molusco que desafiar\u00e1 o povo e libertar\u00e1 o maior psicopata, corrupto, criminosos, etc, etc, etc, de todos os tempos e ter\u00e1, ainda, a coragem de rasgar a lei da ficha limpa, limpar a bunda com suas p\u00e1ginas e deixar Lula, o filho mal parido do capeta, ser candidato \u00e0 presid\u00eancia desta republiqueta de bananas.<\/p>\n<p style=\"text-align: justify;\">Vamos ver se no supremo puteiro federal, verdadeiro nome do Supremo Tribunal Federal &#8211; antro de corruptos fantasiados de magistrados que se vendem igual \u00e0 prostitutas, tem algum louco que que rasga dinheiro ou passa fezes na cara como se fosse maquiagem, disposto a desafiar o contribuinte que paga os sal\u00e1rios deles, cambada de vagabundos e imprest\u00e1veis disfar\u00e7ados de ju\u00edzes!<\/p>\n<p style=\"text-align: center;\"><video controls=\"controls\" width=\"560\" height=\"\"><source src=\"\/mp4\/1296.mp4\" type=\"video\/mp4\" \/><\/video><\/p>\n<p style=\"text-align: justify;\">E tem ainda o caso R\u00e9unan Canalheiros quando os corruptos fantasiados de magistrado do supremo puteiro federal o deixou na presid\u00eancia do senado, rasgando a lei e limpando a bunda com suas p\u00e1ginas para n\u00e3o serem delatados por ele, e firmaram um entendimento em ac\u00f3rd\u00e3o de que um r\u00e9u n\u00e3o pode ocupar a presid\u00eancia da rep\u00fablica. Se um r\u00e9u n\u00e3o pode ser presidente da rep\u00fablica, um condenado por corrup\u00e7\u00e3o muito menos.<\/p>\n<p>Relembre o caso assistindo o v\u00eddeo indignado do Cl\u00e1udio Dantas:<\/p>\n<p style=\"text-align: center;\"><video controls=\"controls\" width=\"560\" height=\"\"><source src=\"\/mp4\/1106.mp4\" type=\"video\/mp4\" \/><\/video><\/p>\n<p style=\"text-align: center;\">[<a href=\"javascript:history.go(-1)\">Voltar<\/a>]<\/p>\n","protected":false},"excerpt":{"rendered":"<p>Vamos vem quem ser\u00e1 o lambe cu do molusco que desafiar\u00e1 o povo e libertar\u00e1 o maior psicopata, corrupto, criminosos, etc, etc, etc, de todos os tempos e ter\u00e1, ainda, a coragem de rasgar a lei da ficha limpa, limpar a bunda com suas p\u00e1ginas e deixar Lula, o filho mal parido do capeta, ser &hellip; <a href=\"https:\/\/opatriota.org\/?page_id=39812\" class=\"more-link\">Continuar lendo <span class=\"screen-reader-text\">\u00cdndio da Costa: Lula ficou ineleg\u00edvel. Ele pode at\u00e9 espernear, mas \u00e9 a lei!<\/span><\/a><\/p>\n","protected":false},"author":1,"featured_media":0,"parent":0,"menu_order":0,"comment_status":"closed","ping_status":"closed","template":"","meta":{"ngg_post_thumbnail":0,"footnotes":""},"class_list":["post-39812","page","type-page","status-publish","hentry"],"_links":{"self":[{"href":"https:\/\/opatriota.org\/index.php?rest_route=\/wp\/v2\/pages\/39812","targetHints":{"allow":["GET"]}}],"collection":[{"href":"https:\/\/opatriota.org\/index.php?rest_route=\/wp\/v2\/pages"}],"about":[{"href":"https:\/\/opatriota.org\/index.php?rest_route=\/wp\/v2\/types\/page"}],"author":[{"embeddable":true,"href":"https:\/\/opatriota.org\/index.php?rest_route=\/wp\/v2\/users\/1"}],"replies":[{"embeddable":true,"href":"https:\/\/opatriota.org\/index.php?rest_route=%2Fwp%2Fv2%2Fcomments&post=39812"}],"version-history":[{"count":1,"href":"https:\/\/opatriota.org\/index.php?rest_route=\/wp\/v2\/pages\/39812\/revisions"}],"predecessor-version":[{"id":65576,"href":"https:\/\/opatriota.org\/index.php?rest_route=\/wp\/v2\/pages\/39812\/revisions\/65576"}],"wp:attachment":[{"href":"https:\/\/opatriota.org\/index.php?rest_route=%2Fwp%2Fv2%2Fmedia&parent=39812"}],"curies":[{"name":"wp","href":"https:\/\/api.w.org\/{rel}","templated":true}]}}