{"id":39906,"date":"2018-02-10T17:28:10","date_gmt":"2018-02-10T17:28:10","guid":{"rendered":"https:\/\/opatriotasite.wordpress.com\/?page_id=39906"},"modified":"2022-12-31T16:00:08","modified_gmt":"2022-12-31T19:00:08","slug":"o-que-ha-por-tras-de-tanto-poder-que-o-molusco-lula-tem-sobre-os-ministros-do-stf","status":"publish","type":"page","link":"https:\/\/opatriota.org\/?page_id=39906","title":{"rendered":"O que h\u00e1 por tr\u00e1s de tanto poder que o molusco Lula tem sobre os ministros do STF?"},"content":{"rendered":"<p style=\"text-align:justify;\">\u00c9 incompreens\u00edvel como e porqu\u00ea o analfabeto, cachaceiro e corrupto Lula tem tanto poder a ponto de magistrados com doutorado e p\u00f3s-doutorado ficarem de quatro lambendo-lhe o rabo at\u00e9 esfolar e tentarem qualquer absurdo para salv\u00e1-lo da cadeia, limpando suas bundas com suas biografias e jogando-as na privada.<\/p>\n<p style=\"text-align:justify;\">Algu\u00e9m j\u00e1 imaginou se o condenado fosse um humilde lavrador com o mesmo grau de instru\u00e7\u00e3o do psicopata covarde e corrupto Lula, se Gilmar Merdes, Lixandowiski, Toffoli e demais corruptos fantasiados de ministros ouviriam seus argumentos ou receberiam seus advogados em audi\u00eancia para ouvir sua defesa?<\/p>\n<p style=\"text-align:justify;\">O lambe cu Fachin recebeu os advogados do molusco, o ex-ministro daquele supremo puteiro para ouvir e analisar seus \u201cembargos auriculares\u201d, um tipo de conversinha suja de p\u00e9 de ouvido que objetiva corromper ju\u00edzes e livrar criminosos da cadeia, uma especialidade de comunistas criminosos tupiniquins, e recebeu tamb\u00e9m o comuna assassino, psicopata e corrupto Gilberto de Carvalho que, em qualquer planeta s\u00e9rio deste universo, seria chutado nas sarjetas como se fosse lixo.<\/p>\n<p style=\"text-align:justify;\">QUE PALHA\u00c7ADA \u00c9 ESSA? QUANTA SUJEIRA E NOJEIRA O MOLUSCO LULA SABE DELES A PONTO DE TODOS FICAREM DE QUATRO E LAMBEREM O RABO DELE?<\/p>\n<p style=\"text-align:justify;\">POR ONDE ANDAM OS MILITARES DESTA REPUBLIQUETA DE BANANAS? SE VENDERAM AOS CRIMINOSOS E OS EST\u00c3O PROTEGENDO COM O DINHEIRO ARRANCADO DO CONTRIBUINTE QUE OS SUSTENTA? Bando de covardes, para dizer o m\u00ednimo deles.<\/p>\n<p style=\"text-align: center;\">[<a href=\"javascript:history.go(-1)\">Voltar<\/a>]<\/p>\n","protected":false},"excerpt":{"rendered":"<p>\u00c9 incompreens\u00edvel como e porqu\u00ea o analfabeto, cachaceiro e corrupto Lula tem tanto poder a ponto de magistrados com doutorado e p\u00f3s-doutorado ficarem de quatro lambendo-lhe o rabo at\u00e9 esfolar e tentarem qualquer absurdo para salv\u00e1-lo da cadeia, limpando suas bundas com suas biografias e jogando-as na privada. Algu\u00e9m j\u00e1 imaginou se o condenado fosse &hellip; <a href=\"https:\/\/opatriota.org\/?page_id=39906\" class=\"more-link\">Continuar lendo <span class=\"screen-reader-text\">O que h\u00e1 por tr\u00e1s de tanto poder que o molusco Lula tem sobre os ministros do STF?<\/span><\/a><\/p>\n","protected":false},"author":1,"featured_media":0,"parent":0,"menu_order":0,"comment_status":"closed","ping_status":"closed","template":"","meta":{"ngg_post_thumbnail":0,"footnotes":""},"class_list":["post-39906","page","type-page","status-publish","hentry"],"_links":{"self":[{"href":"https:\/\/opatriota.org\/index.php?rest_route=\/wp\/v2\/pages\/39906","targetHints":{"allow":["GET"]}}],"collection":[{"href":"https:\/\/opatriota.org\/index.php?rest_route=\/wp\/v2\/pages"}],"about":[{"href":"https:\/\/opatriota.org\/index.php?rest_route=\/wp\/v2\/types\/page"}],"author":[{"embeddable":true,"href":"https:\/\/opatriota.org\/index.php?rest_route=\/wp\/v2\/users\/1"}],"replies":[{"embeddable":true,"href":"https:\/\/opatriota.org\/index.php?rest_route=%2Fwp%2Fv2%2Fcomments&post=39906"}],"version-history":[{"count":1,"href":"https:\/\/opatriota.org\/index.php?rest_route=\/wp\/v2\/pages\/39906\/revisions"}],"predecessor-version":[{"id":65571,"href":"https:\/\/opatriota.org\/index.php?rest_route=\/wp\/v2\/pages\/39906\/revisions\/65571"}],"wp:attachment":[{"href":"https:\/\/opatriota.org\/index.php?rest_route=%2Fwp%2Fv2%2Fmedia&parent=39906"}],"curies":[{"name":"wp","href":"https:\/\/api.w.org\/{rel}","templated":true}]}}