{"id":40001,"date":"2018-03-17T15:01:17","date_gmt":"2018-03-17T15:01:17","guid":{"rendered":"https:\/\/opatriotasite.wordpress.com\/?page_id=40001"},"modified":"2024-05-09T23:53:28","modified_gmt":"2024-05-10T02:53:28","slug":"comunista-que-fala-em-democracia-e-filho-mal-parido-do-capeta-e-comediante-do-inferno","status":"publish","type":"page","link":"https:\/\/opatriota.org\/?page_id=40001","title":{"rendered":"Comunista que fala em democracia \u00e9 filho mal parido do capeta e comediante do inferno"},"content":{"rendered":"<div class=\"entry-content\">\n<p style=\"text-align:justify;\">O comunista imbecil e lambe cu do Andr\u00e9 Singer devia lavar a boca com \u00e1gua r\u00e9gia (mistura de \u00e1cido sulf\u00farico com \u00e1cido clor\u00eddrico 1:1) antes de falar em democracia, e pseudo jornalistas como o Arruinaldo Azevedo, que muda de posi\u00e7\u00e3o por dinheiro igual prostitutas, tem que ser demitido e rastejar nas sarjetas.<\/p>\n<p style=\"text-align:justify;\">O comunismo \u00e9 a ant\u00edtese da democracia. Comunismo n\u00e3o \u00e9 um regime democr\u00e1tico, ao contr\u00e1rio, \u00e9 um regime tir\u00e2nico e assassino no qual o povo vira escravo e se mata de trabalhar para sustentar uma minoria de vagabundos incompetentes e parasitas que toma posse de todas as propriedades do cidad\u00e3o e as usa ao bel prazer.<\/p>\n<p style=\"text-align:justify;\">Comunistas tem que ser expulsos da sociedade e o comunismo tem que ser extirpado da sociedade., combatido igual se combate o c\u00e2ncer. Leia\u00a0<a href=\"http:\/\/www3.redetv.uol.com.br\/blog\/reinaldo\/artigo-de-singer-do-pt-sobre-marielle-ve-falencia-da-democracia-e-ajuda-a-explicar-parte-do-odio-em-curso-ao-partido-e-a-lula\/\" target=\"_blank\" rel=\"noopener noreferrer\">mais<\/a><\/p>\n<\/div>\n<footer class=\"entry-footer\"><\/footer>\n\n\n<p style=\"text-align: center;\">[<a href=\"javascript:history.go(-1)\">Voltar<\/a>]<\/p>\n","protected":false},"excerpt":{"rendered":"<p>O comunista imbecil e lambe cu do Andr\u00e9 Singer devia lavar a boca com \u00e1gua r\u00e9gia (mistura de \u00e1cido sulf\u00farico com \u00e1cido clor\u00eddrico 1:1) antes de falar em democracia, e pseudo jornalistas como o Arruinaldo Azevedo, que muda de posi\u00e7\u00e3o por dinheiro igual prostitutas, tem que ser demitido e rastejar nas sarjetas. O comunismo \u00e9 &hellip; <a href=\"https:\/\/opatriota.org\/?page_id=40001\" class=\"more-link\">Continuar lendo <span class=\"screen-reader-text\">Comunista que fala em democracia \u00e9 filho mal parido do capeta e comediante do inferno<\/span><\/a><\/p>\n","protected":false},"author":1,"featured_media":0,"parent":0,"menu_order":0,"comment_status":"closed","ping_status":"closed","template":"","meta":{"ngg_post_thumbnail":0,"footnotes":""},"class_list":["post-40001","page","type-page","status-publish","hentry"],"_links":{"self":[{"href":"https:\/\/opatriota.org\/index.php?rest_route=\/wp\/v2\/pages\/40001","targetHints":{"allow":["GET"]}}],"collection":[{"href":"https:\/\/opatriota.org\/index.php?rest_route=\/wp\/v2\/pages"}],"about":[{"href":"https:\/\/opatriota.org\/index.php?rest_route=\/wp\/v2\/types\/page"}],"author":[{"embeddable":true,"href":"https:\/\/opatriota.org\/index.php?rest_route=\/wp\/v2\/users\/1"}],"replies":[{"embeddable":true,"href":"https:\/\/opatriota.org\/index.php?rest_route=%2Fwp%2Fv2%2Fcomments&post=40001"}],"version-history":[{"count":2,"href":"https:\/\/opatriota.org\/index.php?rest_route=\/wp\/v2\/pages\/40001\/revisions"}],"predecessor-version":[{"id":81018,"href":"https:\/\/opatriota.org\/index.php?rest_route=\/wp\/v2\/pages\/40001\/revisions\/81018"}],"wp:attachment":[{"href":"https:\/\/opatriota.org\/index.php?rest_route=%2Fwp%2Fv2%2Fmedia&parent=40001"}],"curies":[{"name":"wp","href":"https:\/\/api.w.org\/{rel}","templated":true}]}}