{"id":40218,"date":"2018-04-25T13:26:17","date_gmt":"2018-04-25T13:26:17","guid":{"rendered":"https:\/\/opatriotasite.wordpress.com\/?page_id=40218"},"modified":"2022-12-31T16:01:55","modified_gmt":"2022-12-31T19:01:55","slug":"lula-conhece-a-fundo-a-podridao-dos-canalhas-fantasiados-de-magistrados","status":"publish","type":"page","link":"https:\/\/opatriota.org\/?page_id=40218","title":{"rendered":"Lula conhece a fundo a podrid\u00e3o dos canalhas fantasiados de magistrados"},"content":{"rendered":"<p style=\"text-align:justify;\">Sen\u00e3o, por que os magistrados se sujariam tanto para livrar da cadeia um analfabeto, cachaceiro, psic\u00f3tico em del\u00edrio de megalomania?<\/p>\n<p style=\"text-align:justify;\">Por que se arriscaram a serem linchados f\u00edsica e moralmente pela sociedade para livrar um criminoso nojento, in\u00fatil e desprez\u00edvel como Lula da cadeia?<\/p>\n<p style=\"text-align:justify;\">Apenas uma e \u00fanica resposta \u00e9 poss\u00edvel ou admiss\u00edvel: CHANTAGEM! O molusco psicopata sabe muita coisa suja da banda podre do STF (Celso de Melo, Gilmar Mendes, Lewandowski, Marco Aur\u00e9lio e T\u00f3ffoli), e devem ser crimes estarrecedores a ponto de obrigar gente graduada, p\u00f3s graduada, com mestrado, doutorado e p\u00f3s-doutorado lamber seu rabo sujo, podre e nojento de um analfabeto cachaceiro at\u00e9 esfolar.<\/p>\n<p style=\"text-align: center;\">[<a href=\"javascript:history.go(-1)\">Voltar<\/a>]<\/p>\n","protected":false},"excerpt":{"rendered":"<p>Sen\u00e3o, por que os magistrados se sujariam tanto para livrar da cadeia um analfabeto, cachaceiro, psic\u00f3tico em del\u00edrio de megalomania? Por que se arriscaram a serem linchados f\u00edsica e moralmente pela sociedade para livrar um criminoso nojento, in\u00fatil e desprez\u00edvel como Lula da cadeia? Apenas uma e \u00fanica resposta \u00e9 poss\u00edvel ou admiss\u00edvel: CHANTAGEM! O &hellip; <a href=\"https:\/\/opatriota.org\/?page_id=40218\" class=\"more-link\">Continuar lendo <span class=\"screen-reader-text\">Lula conhece a fundo a podrid\u00e3o dos canalhas fantasiados de magistrados<\/span><\/a><\/p>\n","protected":false},"author":1,"featured_media":0,"parent":0,"menu_order":0,"comment_status":"closed","ping_status":"closed","template":"","meta":{"ngg_post_thumbnail":0,"footnotes":""},"class_list":["post-40218","page","type-page","status-publish","hentry"],"_links":{"self":[{"href":"https:\/\/opatriota.org\/index.php?rest_route=\/wp\/v2\/pages\/40218","targetHints":{"allow":["GET"]}}],"collection":[{"href":"https:\/\/opatriota.org\/index.php?rest_route=\/wp\/v2\/pages"}],"about":[{"href":"https:\/\/opatriota.org\/index.php?rest_route=\/wp\/v2\/types\/page"}],"author":[{"embeddable":true,"href":"https:\/\/opatriota.org\/index.php?rest_route=\/wp\/v2\/users\/1"}],"replies":[{"embeddable":true,"href":"https:\/\/opatriota.org\/index.php?rest_route=%2Fwp%2Fv2%2Fcomments&post=40218"}],"version-history":[{"count":1,"href":"https:\/\/opatriota.org\/index.php?rest_route=\/wp\/v2\/pages\/40218\/revisions"}],"predecessor-version":[{"id":65583,"href":"https:\/\/opatriota.org\/index.php?rest_route=\/wp\/v2\/pages\/40218\/revisions\/65583"}],"wp:attachment":[{"href":"https:\/\/opatriota.org\/index.php?rest_route=%2Fwp%2Fv2%2Fmedia&parent=40218"}],"curies":[{"name":"wp","href":"https:\/\/api.w.org\/{rel}","templated":true}]}}