{"id":40482,"date":"2018-05-28T03:41:57","date_gmt":"2018-05-28T03:41:57","guid":{"rendered":"http:\/\/opatriota.org\/?page_id=40482"},"modified":"2022-12-31T16:12:44","modified_gmt":"2022-12-31T19:12:44","slug":"a-alma-do-ex-presidente-washington-luiz-deve-estar-revirando-no-inferno","status":"publish","type":"page","link":"https:\/\/opatriota.org\/?page_id=40482","title":{"rendered":"A alma do ex-presidente Washington Luiz deve estar revirando no inferno"},"content":{"rendered":"<p style=\"text-align:justify;\">Quando Washington Luiz disse &#8220;governar \u00e9 construir estradas&#8221; ele devia estar b\u00eabado ou chapado. Devia ter dito: <b>&#8220;governar \u00e9 construir ferrovias&#8221;<\/b>, igual Estados Unidos, Europa, Jap\u00e3o, R\u00fassia&#8230;<\/p>\n<p style=\"text-align:justify;\">Uma tonelada transportada em caminh\u00e3o por 100 km custa cerca de R$50,00, enquanto a mesma tonelada, pelos mesmos 100 km por trilhos, custa R$5,00. Por navio custa cerca de R$0,05 (cinco centavos). O Brasil tem 7.000 km de litoral naveg\u00e1vel, mas uma carga que sai de Oiapoque, no Amap\u00e1, com destino a Arroio Chui, no Rio Grande do Sul, segue de caminh\u00e3o, ao inv\u00e9s de ir de navio e apenas ser carregada sobre uma carroceria de caminh\u00e3o do porto at\u00e9 o destino final, ou ent\u00e3o colocada sobre trilhos at\u00e9 o ponto de distribui\u00e7\u00e3o mais pr\u00f3ximo do ponto final.<\/p>\n<p style=\"text-align:justify;\">O Brasil ser\u00e1 sempre um pa\u00eds do futuro, pois n\u00e3o tem vis\u00e3o, n\u00e3o tem <b>ju\u00edzo<\/b>. Tem um povo que s\u00f3 quer tirar vantagem em tudo e viver sem trabalhar, \u00e0s custas do governo e dos poucos contribuintes que sustentam esta josta de republiqueta de bananas com seus impostos. Com este povinho ameba o Brasil continuar\u00e1 sendo este pa\u00eds miser\u00e1vel do presente.<\/p>\n<p style=\"text-align:justify;\">Consultando o portal da Receita Federal v\u00ea-se que o Brasil tem cerca de 30 milh\u00f5es de contribuintes que declaram imposto de renda, em uma popula\u00e7\u00e3o de mais de 208 milh\u00f5es de bocas e s\u00e3o estes pouco mais de 12% de contribuintes que sustentam o restante dos que n\u00e3o contribuem com nada.<\/p>\n<p style=\"text-align:justify;\">H\u00e1 poucos minutos o desgoverno do bode caqu\u00e9tico determinou que as For\u00e7as Armadas desbloqueiem as rodovias, mas as elas n\u00e3o est\u00e3o bloqueadas. Se os caminhoneiros pegarem seus caminh\u00f5es, forem para suas casas e estacionarem-nos frente a seus port\u00f5es, o desgoverno n\u00e3o poder\u00e1 fazer nada, al\u00e9m de um tremendo papel de palha\u00e7o.<\/p>\n<p style=\"text-align:justify;\">Se o bode caqu\u00e9tico, o Ma\u00e7om Michel Temer tivesse um pingo de vergonha na cara e cumprisse o juramento de honra que fez sobre o Livro da Lei (B\u00edblia Sagrada), j\u00e1 teria renunciado h\u00e1 tempo e se os Ma\u00e7ons desta republiqueta de bananas estivessem preocupados com o pa\u00eds e n\u00e3o apenas em bater malhete e fazer festa, j\u00e1 teriam defenestrado do poder o perjuro de avental Michel Temer e todos os demais corruptos e criminosos que parasitam o er\u00e1rio p\u00fablico.<\/p>\n","protected":false},"excerpt":{"rendered":"<p>Quando Washington Luiz disse &#8220;governar \u00e9 construir estradas&#8221; ele devia estar b\u00eabado ou chapado. Devia ter dito: &#8220;governar \u00e9 construir ferrovias&#8221;, igual Estados Unidos, Europa, Jap\u00e3o, R\u00fassia&#8230; Uma tonelada transportada em caminh\u00e3o por 100 km custa cerca de R$50,00, enquanto a mesma tonelada, pelos mesmos 100 km por trilhos, custa R$5,00. Por navio custa cerca &hellip; <a href=\"https:\/\/opatriota.org\/?page_id=40482\" class=\"more-link\">Continuar lendo <span class=\"screen-reader-text\">A alma do ex-presidente Washington Luiz deve estar revirando no inferno<\/span><\/a><\/p>\n","protected":false},"author":1,"featured_media":0,"parent":0,"menu_order":0,"comment_status":"closed","ping_status":"closed","template":"","meta":{"ngg_post_thumbnail":0,"footnotes":""},"class_list":["post-40482","page","type-page","status-publish","hentry"],"_links":{"self":[{"href":"https:\/\/opatriota.org\/index.php?rest_route=\/wp\/v2\/pages\/40482","targetHints":{"allow":["GET"]}}],"collection":[{"href":"https:\/\/opatriota.org\/index.php?rest_route=\/wp\/v2\/pages"}],"about":[{"href":"https:\/\/opatriota.org\/index.php?rest_route=\/wp\/v2\/types\/page"}],"author":[{"embeddable":true,"href":"https:\/\/opatriota.org\/index.php?rest_route=\/wp\/v2\/users\/1"}],"replies":[{"embeddable":true,"href":"https:\/\/opatriota.org\/index.php?rest_route=%2Fwp%2Fv2%2Fcomments&post=40482"}],"version-history":[{"count":1,"href":"https:\/\/opatriota.org\/index.php?rest_route=\/wp\/v2\/pages\/40482\/revisions"}],"predecessor-version":[{"id":65610,"href":"https:\/\/opatriota.org\/index.php?rest_route=\/wp\/v2\/pages\/40482\/revisions\/65610"}],"wp:attachment":[{"href":"https:\/\/opatriota.org\/index.php?rest_route=%2Fwp%2Fv2%2Fmedia&parent=40482"}],"curies":[{"name":"wp","href":"https:\/\/api.w.org\/{rel}","templated":true}]}}