{"id":40548,"date":"2018-06-03T00:31:33","date_gmt":"2018-06-03T00:31:33","guid":{"rendered":"http:\/\/opatriota.org\/?page_id=40548"},"modified":"2022-12-31T16:00:08","modified_gmt":"2022-12-31T19:00:08","slug":"lulix-2003-o-sistema-operacional-mais-arrasador-do-universo","status":"publish","type":"page","link":"https:\/\/opatriota.org\/?page_id=40548","title":{"rendered":"LULIX 2003: o sistema operacional mais arrasador do universo"},"content":{"rendered":"<p>Conhe\u00e7a aqui o sistema operacional que tomou conta do Brasil em 2003. Conseguiu ser muito pior que o anterior, o FHC 94 &#8211; SE (Sem Escr\u00fapulos).<br \/>\nCliente, entra na loja de inform\u00e1tica, e v\u00ea an\u00fancio de sistema operacional:<br \/>\nLan\u00e7amento! LULIX2003!<br \/>\nPergunta ao vendedor:<br \/>\n&#8211; Este sistema \u00e9 muito diferente o FHC 98 SE? (SE = Sem Escr\u00fapulo)<br \/>\nO vendedor responde:<br \/>\n&#8211; N\u00e3o&#8230; Esta vers\u00e3o tem muita coisa camuflada, voc\u00ea s\u00f3 vai notar mais tarde, e uma interface muito mais amig\u00e1vel! Suporta diversas l\u00ednguas e todos os bugs da vers\u00e3o anterior foram corrigidos!<br \/>\n&#8211; Todos? N\u00e3o \u00e9 muito for\u00e7ado?<br \/>\n&#8211; Claro que n\u00e3o! Ainda mais com o novo patch para desemprego, LULIX2003 \u00e9 SHOW.<br \/>\nO cliente convencido compra o sistema e o leva para casa. Mais tarde come\u00e7a a instalar no seu computador. Entretanto, logo no come\u00e7o da instala\u00e7\u00e3o aparece a seguinte mensagem:<br \/>\nAten\u00e7\u00e3o: M\u00f3dulo PFL requerido.<br \/>\nRevoltado, ele liga para a loja:<br \/>\n&#8211; Voc\u00eas n\u00e3o avisaram que era necess\u00e1rio o modulo PFL para eu instalar o LULIX 2003 no meu computador!!<br \/>\n&#8211; Claro que \u00e9 necess\u00e1rio! Voc\u00ea comprou a vers\u00e3o de 2002, para a vers\u00e3o atual 2003 precisar\u00e1 do PFL.DLL!!<br \/>\n&#8211; Ora! Ent\u00e3o quero trocar.<br \/>\n&#8211; Infelizmente, s\u00f3 aceitamos trocas depois de 4 anos. O Modulo PFL \u00e9 gr\u00e1tis, baixe na internet e instale!<br \/>\n&#8211; O que? Isso \u00e9 um absurdo! Eu n\u00e3o quero instalar o PFL! Me disseram que este programa \u00e9 muito ruim! Vive travando e deixa o computador mais lento!<br \/>\n&#8211; N\u00e3o se preocupe! O LULIX 2003 corrige tudo isso!<br \/>\nAcalmado o cliente, resolve baixar o PFL em: http:\/\/www.fisiologismo.com.br\/sarney\/acm\/download.htm e ent\u00e3o, instala.<br \/>\nMais algum instante depois aparece a seguinte mensagem:<br \/>\nAten\u00e7\u00e3o : M\u00f3dulo PSDB requerido.<br \/>\nRevoltado, ele liga para a loja outra vez:<br \/>\n&#8211; Voc\u00eas n\u00e3o avisaram que era necess\u00e1rio o m\u00f3dulo PSDB tamb\u00e9m para eu instalar o LULIX 2003 no meu computador!!<br \/>\n&#8211; Claro que \u00e9 necess\u00e1rio! Anota a\u00ed: Voc\u00ea vai precisar do PFL.DLL, PSDB.DLL, PL.DLL agora, s\u00f3 para fazer a instala\u00e7\u00e3o. Mais tarde, para usufruir de todos os avan\u00e7os do LULIX 2003, ter\u00e1 que baixar tamb\u00e9m o PMDB.DLL sen\u00e3o, nada feito. Voc\u00ea poder\u00e1 baixar os m\u00f3dulos do site http:\/\/www.farinhadomesmosaco.com.pt\/servidor\/palhaco\/download.htm<br \/>\nMais uma vez o cliente com cara de boc\u00f3, faz o download e reinicia a instala\u00e7\u00e3o do maravilhoso LULIX 2003. Quando de repente recebe a mensagem:<br \/>\n<strong>Aten\u00e7\u00e3o: Seu sistema est\u00e1 corrompido! Reinstale os m\u00f3dulos defeituosos!<\/strong><br \/>\nNovamente ele liga para o suporte:<br \/>\n&#8211; Eu sabia! Esta porcaria destruiu meu computador! E o pior \u00e9 que eu n\u00e3o consigo desinstalar! Sempre d\u00e1 erro! Ele fica pedindo para eu reinstalar tudo outra vez!<br \/>\n&#8211; Calma! Esqueceu o que eu disse? O LULIX 2003 corrige tudo isso!<br \/>\nEnt\u00e3o ele instala o LULIX 2003 pela quarta vez e durante os primeiros 90 dias a &#8220;esperan\u00e7a&#8221; que tinha no novo sistema vai dando lugar ao &#8220;medo&#8221; de us\u00e1-lo. Ele n\u00e3o sabe se est\u00e1 feliz ou arrependido, pois o sistema novo se comporta como o antigo FHC 98 SE.<br \/>\nEntretanto, ao completar 100 dias, aparece a mensagem:<br \/>\nAVISO: FMI.DLL incompat\u00edvel com o programa PT.eleito!<br \/>\nDELETAR PT.ELEITO? &#8220;SIM&#8221; ou &#8220;SIM&#8221;<br \/>\nSem saber para que serve o programa PT.eleito, no uni-duni-t\u00ea o cliente resolve deletar.<br \/>\nOutra mensagem aparece:<br \/>\nLULIX 2003 detectou upgrade de sua vers\u00e3o, deseja fazer o download agora?<br \/>\n&#8220;SIM&#8221; ou &#8220;SIM&#8221;<br \/>\nPensa: &#8220;Se \u00e9 para melhorar, vamos nesta.&#8221;<br \/>\nNova mensagem aparece:<br \/>\nObrigado por ser ot\u00e1rio e ter oPTado pelo LULIX 2003 vers\u00e3o FMI Inside!<br \/>\nIniciando Upgrade&#8230;&#8230;..<br \/>\nM\u00f3dulo JUROS: ATUALIZADO vers\u00e3o 26,5<br \/>\nM\u00f3dulo PL9: SEM ALTERA\u00c7\u00c3O<br \/>\nM\u00f3dulo CONTAS P\u00daBLICAS: ARROCHADAS<br \/>\nM\u00f3dulo SAL\u00c1RIO: N\u00c3O FOI ENCONTRADA NENHUMA ALTERA\u00c7\u00c3O<br \/>\nM\u00f3dulo SAL\u00c1RIO M\u00cdNIMO: ERRO NA ATUALIZA\u00c7\u00c3O<br \/>\nM\u00f3dulo FOME ZERO: M\u00d3DULO INEXISTENTE<br \/>\nE horas se passaram&#8230; A conex\u00e3o com o servidor &#8220;povo.br&#8221; era muito lenta&#8230;<br \/>\nNova mensagem apareceu.<br \/>\nATEN\u00c7\u00c3O: Servidor incompat\u00edvel com o Kernel.fmi M\u00f3dulo SERVIDOR dever\u00e1 ser desativado, para que o programa PREVI.PRI sejainstalado corretamente.<br \/>\nDesativar SERVIDOR? &#8220;SIM&#8221; ou &#8220;SIM&#8221;<br \/>\nJ\u00e1 que \u00e9 um upgrade e \u00e9 s\u00f3 desativar, vamos nesta&#8230;.<br \/>\nDesativando&#8230;&#8230; Opera\u00e7\u00e3o poder\u00e1 demorar um pouco, caso o seu drive de aposentadoria n\u00e3o tenha espa\u00e7o para esta atualiza\u00e7\u00e3o clique nos bot\u00f5es abaixo:<br \/>\n&#8220;J\u00e1 era&#8221; ou &#8220;N\u00e3o tem jeito&#8221;<br \/>\nDesativando&#8230;.<br \/>\nAviso: O Banco Central executou uma opera\u00e7\u00e3o ilegal, o m\u00f3dulo Kernel.fmi corrigiu automaticamente<br \/>\nPilha: Bolsa de S\u00e3o Paulo : D\u00f3lar : Infla\u00e7\u00e3o : D\u00edvida externa : Juros<br \/>\nLogo depois aparece uma tela azul:<br \/>\nO sistema operacional est\u00e1 inst\u00e1vel! Aperte qualquer tecla para retornar ou ctrl-alt-del para reiniciar.<br \/>\nRevoltado o cliente liga para o suporte.<br \/>\n&#8211; Isso \u00e9 um absurdo! Esse sistema operacional \u00e9 uma merda! Vou reinstalar o FHC 98 SE!<br \/>\nPelo menos ele tinha o software PTcontroler que evitava que alguns bugs acontecessem.<br \/>\nEste LULIX 2003 FMI Inside est\u00e1 rodando livre demais!!!<br \/>\n&#8211; Calma! O Service Pack FMI-Recess\u00e3o conserta tudo isso, e estamos preparando um patch para melhorar o desempenho!<br \/>\n&#8211; Toda vez \u00e9 isso, voc\u00eas lan\u00e7am uma porcaria defeituosa e querem consertar nas costas dos usu\u00e1rios!<br \/>\n&#8211; Esta bem! Se voc\u00ea prefere assim, reinstale o FHC 98 SE. Mas n\u00e3o reclame mais ent\u00e3o&#8230; E esta d\u00favida ir\u00e1 durar quatro anos&#8230;<br \/>\n[<a href=\"history.go(-1)\">Voltar<\/a>]<\/p>\n","protected":false},"excerpt":{"rendered":"<p>Conhe\u00e7a aqui o sistema operacional que tomou conta do Brasil em 2003. Conseguiu ser muito pior que o anterior, o FHC 94 &#8211; SE (Sem Escr\u00fapulos). Cliente, entra na loja de inform\u00e1tica, e v\u00ea an\u00fancio de sistema operacional: Lan\u00e7amento! LULIX2003! Pergunta ao vendedor: &#8211; Este sistema \u00e9 muito diferente o FHC 98 SE? (SE = &hellip; <a href=\"https:\/\/opatriota.org\/?page_id=40548\" class=\"more-link\">Continuar lendo <span class=\"screen-reader-text\">LULIX 2003: o sistema operacional mais arrasador do universo<\/span><\/a><\/p>\n","protected":false},"author":1,"featured_media":0,"parent":0,"menu_order":0,"comment_status":"closed","ping_status":"closed","template":"","meta":{"ngg_post_thumbnail":0,"footnotes":""},"class_list":["post-40548","page","type-page","status-publish","hentry"],"_links":{"self":[{"href":"https:\/\/opatriota.org\/index.php?rest_route=\/wp\/v2\/pages\/40548","targetHints":{"allow":["GET"]}}],"collection":[{"href":"https:\/\/opatriota.org\/index.php?rest_route=\/wp\/v2\/pages"}],"about":[{"href":"https:\/\/opatriota.org\/index.php?rest_route=\/wp\/v2\/types\/page"}],"author":[{"embeddable":true,"href":"https:\/\/opatriota.org\/index.php?rest_route=\/wp\/v2\/users\/1"}],"replies":[{"embeddable":true,"href":"https:\/\/opatriota.org\/index.php?rest_route=%2Fwp%2Fv2%2Fcomments&post=40548"}],"version-history":[{"count":1,"href":"https:\/\/opatriota.org\/index.php?rest_route=\/wp\/v2\/pages\/40548\/revisions"}],"predecessor-version":[{"id":65554,"href":"https:\/\/opatriota.org\/index.php?rest_route=\/wp\/v2\/pages\/40548\/revisions\/65554"}],"wp:attachment":[{"href":"https:\/\/opatriota.org\/index.php?rest_route=%2Fwp%2Fv2%2Fmedia&parent=40548"}],"curies":[{"name":"wp","href":"https:\/\/api.w.org\/{rel}","templated":true}]}}