{"id":40888,"date":"2018-07-08T21:02:38","date_gmt":"2018-07-08T21:02:38","guid":{"rendered":"http:\/\/opatriota.org\/?page_id=40888"},"modified":"2022-12-31T15:58:52","modified_gmt":"2022-12-31T18:58:52","slug":"esta-ecoando-por-toda-a-sociedade-de-pessoas-honestas","status":"publish","type":"page","link":"https:\/\/opatriota.org\/?page_id=40888","title":{"rendered":"O racioc\u00ednio debil\u00f3ide de um pseudo magistrado"},"content":{"rendered":"<p style=\"text-align:justify;\">Pelo racioc\u00ednio debil\u00f3ide deste capacho do PT, Fernandinho beira-mar, Marcola e demais criminosos s\u00f3 precisam se candidatar \u00e0 presid\u00eancia para serem libertados\u2026 \u00c9 isso mesmo, \u00f4\u00a0<strong>Meretr\u00edssimo<\/strong>\u00a0senhor desembargador?<\/p>\n<p style=\"text-align:justify;\">Criminoso condenado s\u00f3 tem direito a olhar o sol atrav\u00e9s da janela de sua cela. Lula tem que apodrecer e morrer na cadeia e esse desembargador capacho deve fazer companhia para o molusco, em sua cela, at\u00e9 o fim de seus dias.<\/p>\n<p style=\"text-align:justify;\">N\u00e3o pagamos impostos para sustentar corruptos e empregadinhos de criminosos ricos.<\/p>\n","protected":false},"excerpt":{"rendered":"<p>Pelo racioc\u00ednio debil\u00f3ide deste capacho do PT, Fernandinho beira-mar, Marcola e demais criminosos s\u00f3 precisam se candidatar \u00e0 presid\u00eancia para serem libertados\u2026 \u00c9 isso mesmo, \u00f4\u00a0Meretr\u00edssimo\u00a0senhor desembargador? Criminoso condenado s\u00f3 tem direito a olhar o sol atrav\u00e9s da janela de sua cela. Lula tem que apodrecer e morrer na cadeia e esse desembargador capacho deve &hellip; <a href=\"https:\/\/opatriota.org\/?page_id=40888\" class=\"more-link\">Continuar lendo <span class=\"screen-reader-text\">O racioc\u00ednio debil\u00f3ide de um pseudo magistrado<\/span><\/a><\/p>\n","protected":false},"author":1,"featured_media":0,"parent":0,"menu_order":0,"comment_status":"closed","ping_status":"closed","template":"","meta":{"ngg_post_thumbnail":0,"footnotes":""},"class_list":["post-40888","page","type-page","status-publish","hentry"],"_links":{"self":[{"href":"https:\/\/opatriota.org\/index.php?rest_route=\/wp\/v2\/pages\/40888","targetHints":{"allow":["GET"]}}],"collection":[{"href":"https:\/\/opatriota.org\/index.php?rest_route=\/wp\/v2\/pages"}],"about":[{"href":"https:\/\/opatriota.org\/index.php?rest_route=\/wp\/v2\/types\/page"}],"author":[{"embeddable":true,"href":"https:\/\/opatriota.org\/index.php?rest_route=\/wp\/v2\/users\/1"}],"replies":[{"embeddable":true,"href":"https:\/\/opatriota.org\/index.php?rest_route=%2Fwp%2Fv2%2Fcomments&post=40888"}],"version-history":[{"count":1,"href":"https:\/\/opatriota.org\/index.php?rest_route=\/wp\/v2\/pages\/40888\/revisions"}],"predecessor-version":[{"id":65537,"href":"https:\/\/opatriota.org\/index.php?rest_route=\/wp\/v2\/pages\/40888\/revisions\/65537"}],"wp:attachment":[{"href":"https:\/\/opatriota.org\/index.php?rest_route=%2Fwp%2Fv2%2Fmedia&parent=40888"}],"curies":[{"name":"wp","href":"https:\/\/api.w.org\/{rel}","templated":true}]}}