{"id":40939,"date":"2018-07-13T18:03:08","date_gmt":"2018-07-13T18:03:08","guid":{"rendered":"http:\/\/opatriota.org\/?page_id=40939"},"modified":"2022-12-31T16:01:56","modified_gmt":"2022-12-31T19:01:56","slug":"lula-e-os-600-milhoes-de-desempregados","status":"publish","type":"page","link":"https:\/\/opatriota.org\/?page_id=40939","title":{"rendered":"Lula e os 600 milh\u00f5es de desempregados&#8230;"},"content":{"rendered":"<p style=\"text-align: justify;\">Seiscentos MILH\u00d5ES de desempregados\u2026 Ser\u00e1 que o vigarista psicopata sabe quantos habitantes tem nesta pocilga chamada Brasil?<\/p>\n<p style=\"text-align: justify;\">Afinal, quem est\u00e1 sendo interrogado? Este canalha devia estar no t\u00famulo desde a d\u00e9cada de 70\u2026 Como os milicos da revolu\u00e7\u00e3o de 64 foram incompetentes, n\u00e3o mandando essa farsa ambulante direto para o inferno quando o prenderam, o povinho abestado e vagabundo elegeu este jumento ac\u00e9falo que tem intelig\u00eancia de ameba em coma alco\u00f3lico para presidente do Brasil e o contribuinte continua tendo que sustentar a bandalheira, a patifaria e a vagabundice generalizada que reina nesta esb\u00f3rnia chamada Brasil.<\/p>\n<p style=\"text-align: justify;\">Por que os militares n\u00e3o lhe deram o mesmo destino glorioso dado aos traidores Lamarca e Marighela? FUZILAMENTO E T\u00daMULO?<\/p>\n<p style=\"text-align: justify;\">O povo brasileiro n\u00e3o estaria, hoje, passando toda essa vergonha.<\/p>\n<p style=\"text-align: center;\"><video controls=\"controls\" width=\"560\" height=\"\"><source src=\"\/mp4\/1869.mp4\" type=\"video\/mp4\" \/><\/video><\/p>\n<p style=\"text-align: center;\">[<a href=\"javascript:history.go(-1)\">Voltar<\/a>]<\/p>\n","protected":false},"excerpt":{"rendered":"<p>Seiscentos MILH\u00d5ES de desempregados\u2026 Ser\u00e1 que o vigarista psicopata sabe quantos habitantes tem nesta pocilga chamada Brasil? Afinal, quem est\u00e1 sendo interrogado? Este canalha devia estar no t\u00famulo desde a d\u00e9cada de 70\u2026 Como os milicos da revolu\u00e7\u00e3o de 64 foram incompetentes, n\u00e3o mandando essa farsa ambulante direto para o inferno quando o prenderam, o &hellip; <a href=\"https:\/\/opatriota.org\/?page_id=40939\" class=\"more-link\">Continuar lendo <span class=\"screen-reader-text\">Lula e os 600 milh\u00f5es de desempregados&#8230;<\/span><\/a><\/p>\n","protected":false},"author":1,"featured_media":0,"parent":0,"menu_order":0,"comment_status":"closed","ping_status":"closed","template":"","meta":{"ngg_post_thumbnail":0,"footnotes":""},"class_list":["post-40939","page","type-page","status-publish","hentry"],"_links":{"self":[{"href":"https:\/\/opatriota.org\/index.php?rest_route=\/wp\/v2\/pages\/40939","targetHints":{"allow":["GET"]}}],"collection":[{"href":"https:\/\/opatriota.org\/index.php?rest_route=\/wp\/v2\/pages"}],"about":[{"href":"https:\/\/opatriota.org\/index.php?rest_route=\/wp\/v2\/types\/page"}],"author":[{"embeddable":true,"href":"https:\/\/opatriota.org\/index.php?rest_route=\/wp\/v2\/users\/1"}],"replies":[{"embeddable":true,"href":"https:\/\/opatriota.org\/index.php?rest_route=%2Fwp%2Fv2%2Fcomments&post=40939"}],"version-history":[{"count":1,"href":"https:\/\/opatriota.org\/index.php?rest_route=\/wp\/v2\/pages\/40939\/revisions"}],"predecessor-version":[{"id":65585,"href":"https:\/\/opatriota.org\/index.php?rest_route=\/wp\/v2\/pages\/40939\/revisions\/65585"}],"wp:attachment":[{"href":"https:\/\/opatriota.org\/index.php?rest_route=%2Fwp%2Fv2%2Fmedia&parent=40939"}],"curies":[{"name":"wp","href":"https:\/\/api.w.org\/{rel}","templated":true}]}}