{"id":41155,"date":"2018-08-04T21:21:29","date_gmt":"2018-08-04T21:21:29","guid":{"rendered":"http:\/\/opatriota.org\/?page_id=41155"},"modified":"2024-05-10T00:17:01","modified_gmt":"2024-05-10T03:17:01","slug":"renegando-o-passado-familia-marinho-diz-hoje-que-globo-errou-ao-apoiar-o-golpe-militar","status":"publish","type":"page","link":"https:\/\/opatriota.org\/?page_id=41155","title":{"rendered":"Renegando o passado"},"content":{"rendered":"<p style=\"text-align: justify;\">Hoje os herdeiros de Roberto Marinho negam o apoio do Grupo Globo ao regime militar para n\u00e3o melindrar os comunistas psicopatas que tomaram o poder, ou para n\u00e3o perder as verbas milion\u00e1rias de publicidade pagas pelos esquerdopatas comunistoides assassinos.<br><img loading=\"lazy\" decoding=\"async\" class=\" size-full wp-image-41146 aligncenter\" src=\"\/wp-content\/uploads\/2018\/08\/img-20180331-wa000316404165621.jpg\" alt=\"img-20180331-wa00031640416562\" width=\"659\" height=\"651\"><\/p>\n\n\n<p style=\"text-align: center;\">[<a href=\"javascript:history.go(-1)\">Voltar<\/a>]<\/p>\n","protected":false},"excerpt":{"rendered":"<p>Hoje os herdeiros de Roberto Marinho negam o apoio do Grupo Globo ao regime militar para n\u00e3o melindrar os comunistas psicopatas que tomaram o poder, ou para n\u00e3o perder as verbas milion\u00e1rias de publicidade pagas pelos esquerdopatas comunistoides assassinos. [Voltar]<\/p>\n","protected":false},"author":1,"featured_media":0,"parent":0,"menu_order":0,"comment_status":"closed","ping_status":"closed","template":"","meta":{"ngg_post_thumbnail":0,"footnotes":""},"class_list":["post-41155","page","type-page","status-publish","hentry"],"_links":{"self":[{"href":"https:\/\/opatriota.org\/index.php?rest_route=\/wp\/v2\/pages\/41155","targetHints":{"allow":["GET"]}}],"collection":[{"href":"https:\/\/opatriota.org\/index.php?rest_route=\/wp\/v2\/pages"}],"about":[{"href":"https:\/\/opatriota.org\/index.php?rest_route=\/wp\/v2\/types\/page"}],"author":[{"embeddable":true,"href":"https:\/\/opatriota.org\/index.php?rest_route=\/wp\/v2\/users\/1"}],"replies":[{"embeddable":true,"href":"https:\/\/opatriota.org\/index.php?rest_route=%2Fwp%2Fv2%2Fcomments&post=41155"}],"version-history":[{"count":5,"href":"https:\/\/opatriota.org\/index.php?rest_route=\/wp\/v2\/pages\/41155\/revisions"}],"predecessor-version":[{"id":81028,"href":"https:\/\/opatriota.org\/index.php?rest_route=\/wp\/v2\/pages\/41155\/revisions\/81028"}],"wp:attachment":[{"href":"https:\/\/opatriota.org\/index.php?rest_route=%2Fwp%2Fv2%2Fmedia&parent=41155"}],"curies":[{"name":"wp","href":"https:\/\/api.w.org\/{rel}","templated":true}]}}