{"id":42796,"date":"2019-01-25T16:09:48","date_gmt":"2019-01-25T18:09:48","guid":{"rendered":"http:\/\/opatriota.org\/?page_id=42796"},"modified":"2024-11-20T08:50:41","modified_gmt":"2024-11-20T11:50:41","slug":"quem-escravizou-o-negro","status":"publish","type":"page","link":"https:\/\/opatriota.org\/?page_id=42796","title":{"rendered":"Quem escravizou o negro?"},"content":{"rendered":"<p style=\"text-align: justify;\">O talentos\u00edssimo <a href=\"https:\/\/pt.wikipedia.org\/wiki\/Mr._Catra\" rel=\"noopener\" target=\"_blank\">Mr. Catra<\/a> estava discorrendo sobre a educa\u00e7\u00e3o e o patriotismo do cidad\u00e3o israelense e a conversa derivou para a escravid\u00e3o e o racismo tupiniquins.<\/p>\n<p style=\"text-align: center;\"><video controls=\"controls\" width=\"560\" height=\"x\"><source src=\"\/wp-content\/uploads\/2019\/09\/1700.mp4\" type=\"video\/mp4\" \/><\/video><\/p>\n<p style=\"text-align: center;\">[<a href=\"javascript:history.go(-1)\">Voltar<\/a>]<\/p>\n","protected":false},"excerpt":{"rendered":"<p>O talentos\u00edssimo Mr. Catra estava discorrendo sobre a educa\u00e7\u00e3o e o patriotismo do cidad\u00e3o israelense e a conversa derivou para a escravid\u00e3o e o racismo tupiniquins. [Voltar]<\/p>\n","protected":false},"author":1,"featured_media":0,"parent":0,"menu_order":0,"comment_status":"closed","ping_status":"closed","template":"","meta":{"ngg_post_thumbnail":0,"footnotes":""},"class_list":["post-42796","page","type-page","status-publish","hentry"],"_links":{"self":[{"href":"https:\/\/opatriota.org\/index.php?rest_route=\/wp\/v2\/pages\/42796","targetHints":{"allow":["GET"]}}],"collection":[{"href":"https:\/\/opatriota.org\/index.php?rest_route=\/wp\/v2\/pages"}],"about":[{"href":"https:\/\/opatriota.org\/index.php?rest_route=\/wp\/v2\/types\/page"}],"author":[{"embeddable":true,"href":"https:\/\/opatriota.org\/index.php?rest_route=\/wp\/v2\/users\/1"}],"replies":[{"embeddable":true,"href":"https:\/\/opatriota.org\/index.php?rest_route=%2Fwp%2Fv2%2Fcomments&post=42796"}],"version-history":[{"count":6,"href":"https:\/\/opatriota.org\/index.php?rest_route=\/wp\/v2\/pages\/42796\/revisions"}],"predecessor-version":[{"id":85007,"href":"https:\/\/opatriota.org\/index.php?rest_route=\/wp\/v2\/pages\/42796\/revisions\/85007"}],"wp:attachment":[{"href":"https:\/\/opatriota.org\/index.php?rest_route=%2Fwp%2Fv2%2Fmedia&parent=42796"}],"curies":[{"name":"wp","href":"https:\/\/api.w.org\/{rel}","templated":true}]}}