{"id":43028,"date":"2019-02-22T20:26:06","date_gmt":"2019-02-22T23:26:06","guid":{"rendered":"http:\/\/opatriota.org\/?page_id=43028"},"modified":"2022-12-31T16:01:55","modified_gmt":"2022-12-31T19:01:55","slug":"lgbts-sao-seres-humanos-ou-alienigenas","status":"publish","type":"page","link":"https:\/\/opatriota.org\/?page_id=43028","title":{"rendered":"LGBTs s\u00e3o seres humanos ou alien\u00edgenas?"},"content":{"rendered":"<p style=\"text-align: justify;\">Os LGBTs querem uma lei s\u00f3 para eles, mas isso deixa no ar uma perguntinha b\u00e1sica: eles s\u00e3o humanos, <i>Homo sapiens <\/i>sp., ou s\u00e3o alien\u00edgenas?<\/p>\n<p style=\"text-align: justify;\">Os grupos autointitulados LGBTs alegam que o Congresso se omitiu sobre o assunto, mas uma lei anti-homofobia proposta por eles foi arquivada n\u00e3o havendo a omiss\u00e3o reclamada ao STF.<\/p>\n<p style=\"text-align: justify;\">Est\u00e3o for\u00e7ando a cria\u00e7\u00e3o de legisla\u00e7\u00e3o especial para eles chantagearem e oprimirem a popula\u00e7\u00e3o normal e at\u00e9 obterem lucros ou viverem as custas de indeniza\u00e7\u00f5es por supostas ofensas homof\u00f3bicas.<\/p>\n<p style=\"text-align: justify;\">Uma lei desse tipo permite que um gay, transexual, l\u00e9sbica ou qualquer outro, agrida uma pessoa e saia impune, posando falsamente de v\u00edtima.<\/p>\n<p style=\"text-align: justify;\">Querem uma lei s\u00f3 para eles para poderem se comportar como ra\u00e7a diferente ou como subesp\u00e9cie da esp\u00e9cie humana, mas poder\u00e3o acabar tratados como primatas inferiores por se recusarem a viverem como meros humanos iguais a todos e sujeitos \u00e0s mesmas leis que a maioria.<\/p>\n<p style=\"text-align: justify;\">Este tipo de lei de excess\u00e3o n\u00e3o deve nem ser aceita, muito menos colocada em pauta, pois a Constitui\u00e7\u00e3o da Republica Federativa do Brasil \u00e9 bem clara em seu art. 5\u00b0, onde est\u00e1 sacramentado que todos s\u00e3o iguais perante a lei. Leia <a href=\"https:\/\/www.oantagonista.com\/brasil\/movimento-gay-aposta-em-9-2-pela-criminalizacao-da-homofobia\/\" target=\"_blank\" rel=\"noopener noreferrer\">mais<\/a><\/p>\n","protected":false},"excerpt":{"rendered":"<p>Os LGBTs querem uma lei s\u00f3 para eles, mas isso deixa no ar uma perguntinha b\u00e1sica: eles s\u00e3o humanos, Homo sapiens sp., ou s\u00e3o alien\u00edgenas? Os grupos autointitulados LGBTs alegam que o Congresso se omitiu sobre o assunto, mas uma lei anti-homofobia proposta por eles foi arquivada n\u00e3o havendo a omiss\u00e3o reclamada ao STF. Est\u00e3o &hellip; <a href=\"https:\/\/opatriota.org\/?page_id=43028\" class=\"more-link\">Continuar lendo <span class=\"screen-reader-text\">LGBTs s\u00e3o seres humanos ou alien\u00edgenas?<\/span><\/a><\/p>\n","protected":false},"author":1,"featured_media":0,"parent":0,"menu_order":0,"comment_status":"closed","ping_status":"closed","template":"","meta":{"ngg_post_thumbnail":0,"footnotes":""},"class_list":["post-43028","page","type-page","status-publish","hentry"],"_links":{"self":[{"href":"https:\/\/opatriota.org\/index.php?rest_route=\/wp\/v2\/pages\/43028","targetHints":{"allow":["GET"]}}],"collection":[{"href":"https:\/\/opatriota.org\/index.php?rest_route=\/wp\/v2\/pages"}],"about":[{"href":"https:\/\/opatriota.org\/index.php?rest_route=\/wp\/v2\/types\/page"}],"author":[{"embeddable":true,"href":"https:\/\/opatriota.org\/index.php?rest_route=\/wp\/v2\/users\/1"}],"replies":[{"embeddable":true,"href":"https:\/\/opatriota.org\/index.php?rest_route=%2Fwp%2Fv2%2Fcomments&post=43028"}],"version-history":[{"count":1,"href":"https:\/\/opatriota.org\/index.php?rest_route=\/wp\/v2\/pages\/43028\/revisions"}],"predecessor-version":[{"id":65579,"href":"https:\/\/opatriota.org\/index.php?rest_route=\/wp\/v2\/pages\/43028\/revisions\/65579"}],"wp:attachment":[{"href":"https:\/\/opatriota.org\/index.php?rest_route=%2Fwp%2Fv2%2Fmedia&parent=43028"}],"curies":[{"name":"wp","href":"https:\/\/api.w.org\/{rel}","templated":true}]}}