{"id":43933,"date":"2019-05-11T01:52:40","date_gmt":"2019-05-11T01:52:40","guid":{"rendered":"http:\/\/opatriota.org\/?page_id=43933"},"modified":"2022-12-31T15:58:52","modified_gmt":"2022-12-31T18:58:52","slug":"o-verdadeiro-objetivo-da-russia-na-venezuela","status":"publish","type":"page","link":"https:\/\/opatriota.org\/?page_id=43933","title":{"rendered":"O verdadeiro objetivo da R\u00fassia na Venezuela"},"content":{"rendered":"<p style=\"text-align:justify;\">O povo venezuelano que n\u00e3o morrer em uma guerra civil morrer\u00e1 de fome e doen\u00e7as.<\/p>\n<p style=\"text-align:justify;\"><strong>O que a R\u00fassia quer \u00e9 ficar no quintal do Brasil para roubar nossas riquezas minerais e vegetais. A Venezuela n\u00e3o interessa a ningu\u00e9m. O que est\u00e1 por tr\u00e1s disso tudo \u00e9 a Amaz\u00f4nia brasileira<\/strong>.<\/p>\n<p style=\"text-align:justify;\">As maiores jazidas de ni\u00f3bio, h\u00e1fnio e ur\u00e2nio do planeta est\u00e3o na Amaz\u00f4nia brasileira.<\/p>\n<p><iframe loading=\"lazy\" title=\"Disputa e Paz - Sem Disputa Haveria Paz\" width=\"660\" height=\"371\" src=\"https:\/\/www.youtube.com\/embed\/4E_Nbl5XBRI?feature=oembed\" frameborder=\"0\" allow=\"accelerometer; autoplay; clipboard-write; encrypted-media; gyroscope; picture-in-picture; web-share\" referrerpolicy=\"strict-origin-when-cross-origin\" allowfullscreen><\/iframe><\/p>\n","protected":false},"excerpt":{"rendered":"<p>O povo venezuelano que n\u00e3o morrer em uma guerra civil morrer\u00e1 de fome e doen\u00e7as. O que a R\u00fassia quer \u00e9 ficar no quintal do Brasil para roubar nossas riquezas minerais e vegetais. A Venezuela n\u00e3o interessa a ningu\u00e9m. O que est\u00e1 por tr\u00e1s disso tudo \u00e9 a Amaz\u00f4nia brasileira. As maiores jazidas de ni\u00f3bio, &hellip; <a href=\"https:\/\/opatriota.org\/?page_id=43933\" class=\"more-link\">Continuar lendo <span class=\"screen-reader-text\">O verdadeiro objetivo da R\u00fassia na Venezuela<\/span><\/a><\/p>\n","protected":false},"author":1,"featured_media":0,"parent":0,"menu_order":0,"comment_status":"closed","ping_status":"closed","template":"","meta":{"ngg_post_thumbnail":0,"footnotes":""},"class_list":["post-43933","page","type-page","status-publish","hentry"],"_links":{"self":[{"href":"https:\/\/opatriota.org\/index.php?rest_route=\/wp\/v2\/pages\/43933","targetHints":{"allow":["GET"]}}],"collection":[{"href":"https:\/\/opatriota.org\/index.php?rest_route=\/wp\/v2\/pages"}],"about":[{"href":"https:\/\/opatriota.org\/index.php?rest_route=\/wp\/v2\/types\/page"}],"author":[{"embeddable":true,"href":"https:\/\/opatriota.org\/index.php?rest_route=\/wp\/v2\/users\/1"}],"replies":[{"embeddable":true,"href":"https:\/\/opatriota.org\/index.php?rest_route=%2Fwp%2Fv2%2Fcomments&post=43933"}],"version-history":[{"count":1,"href":"https:\/\/opatriota.org\/index.php?rest_route=\/wp\/v2\/pages\/43933\/revisions"}],"predecessor-version":[{"id":65539,"href":"https:\/\/opatriota.org\/index.php?rest_route=\/wp\/v2\/pages\/43933\/revisions\/65539"}],"wp:attachment":[{"href":"https:\/\/opatriota.org\/index.php?rest_route=%2Fwp%2Fv2%2Fmedia&parent=43933"}],"curies":[{"name":"wp","href":"https:\/\/api.w.org\/{rel}","templated":true}]}}