{"id":45514,"date":"2019-10-13T22:01:18","date_gmt":"2019-10-14T01:01:18","guid":{"rendered":"http:\/\/opatriota.org\/?page_id=3"},"modified":"2022-12-31T15:58:53","modified_gmt":"2022-12-31T18:58:53","slug":"politica-de-privacidade-2","status":"publish","type":"page","link":"https:\/\/opatriota.org\/?page_id=45514","title":{"rendered":"Para que serve o socialismo?"},"content":{"rendered":"<p style=\"text-align: justify;\"><strong>PARA NADA, AL\u00c9M DE PRODUZIR MIS\u00c9RIA, TIRANIA, ESCRAVID\u00c3O E MORTE!<\/strong><\/p>\n<p style=\"text-align: justify;\"><strong>Se o socialismo prestasse para alguma coisa, a URSS n\u00e3o teria desmoronado sozinha, sem a ajuda de ningu\u00e9m. As crian\u00e7as de CUBA, CHINA, Vietnam, Camboja, Laos e demais republiquetas comunistas que adotaram o regime, n\u00e3o precisariam se prostituir para n\u00e3o morrerem de fome (quem duvida, consulte os relat\u00f3rios da Interpol. Est\u00e1 tudo l\u00e1).<\/strong><\/p>\n<p style=\"text-align: justify;\"><strong>O socialismo serve apenas aos incompetentes que apenas com a for\u00e7a bruta e um governo tir\u00e2nico que valoriza gente e ideias que n\u00e3o tem valor algum, conseguem aparecer e se mostrar, ocupando os postos mais importantes de uma na\u00e7\u00e3o e sendo pau na roda do progresso, destruindo tudo o que precisa de compet\u00eancia, criatividade, CAPITAL, CONCORR\u00caNCIA. Os socialistas morrem de medo da concorr\u00eancia, pois n\u00e3o passam de amebas comatosas, gente que tem no cr\u00e2nio o que um jumento tem nos intestinos.<\/strong><\/p>\n<p style=\"text-align: justify;\"><strong>Se a humanidade dependesse do socialismo\/comunismo e da religi\u00e3o ainda estaria morando em cavernas e acendendo fogo esfregando gravetos.<\/strong><\/p>\n","protected":false},"excerpt":{"rendered":"<p>PARA NADA, AL\u00c9M DE PRODUZIR MIS\u00c9RIA, TIRANIA, ESCRAVID\u00c3O E MORTE! Se o socialismo prestasse para alguma coisa, a URSS n\u00e3o teria desmoronado sozinha, sem a ajuda de ningu\u00e9m. As crian\u00e7as de CUBA, CHINA, Vietnam, Camboja, Laos e demais republiquetas comunistas que adotaram o regime, n\u00e3o precisariam se prostituir para n\u00e3o morrerem de fome (quem duvida, &hellip; <a href=\"https:\/\/opatriota.org\/?page_id=45514\" class=\"more-link\">Continuar lendo <span class=\"screen-reader-text\">Para que serve o socialismo?<\/span><\/a><\/p>\n","protected":false},"author":1,"featured_media":0,"parent":0,"menu_order":0,"comment_status":"closed","ping_status":"open","template":"","meta":{"ngg_post_thumbnail":0,"footnotes":""},"class_list":["post-45514","page","type-page","status-publish","hentry"],"_links":{"self":[{"href":"https:\/\/opatriota.org\/index.php?rest_route=\/wp\/v2\/pages\/45514","targetHints":{"allow":["GET"]}}],"collection":[{"href":"https:\/\/opatriota.org\/index.php?rest_route=\/wp\/v2\/pages"}],"about":[{"href":"https:\/\/opatriota.org\/index.php?rest_route=\/wp\/v2\/types\/page"}],"author":[{"embeddable":true,"href":"https:\/\/opatriota.org\/index.php?rest_route=\/wp\/v2\/users\/1"}],"replies":[{"embeddable":true,"href":"https:\/\/opatriota.org\/index.php?rest_route=%2Fwp%2Fv2%2Fcomments&post=45514"}],"version-history":[{"count":1,"href":"https:\/\/opatriota.org\/index.php?rest_route=\/wp\/v2\/pages\/45514\/revisions"}],"predecessor-version":[{"id":65549,"href":"https:\/\/opatriota.org\/index.php?rest_route=\/wp\/v2\/pages\/45514\/revisions\/65549"}],"wp:attachment":[{"href":"https:\/\/opatriota.org\/index.php?rest_route=%2Fwp%2Fv2%2Fmedia&parent=45514"}],"curies":[{"name":"wp","href":"https:\/\/api.w.org\/{rel}","templated":true}]}}