{"id":45860,"date":"2019-12-12T09:36:09","date_gmt":"2019-12-12T12:36:09","guid":{"rendered":"http:\/\/opatriota.org\/?page_id=45860"},"modified":"2022-12-31T16:00:08","modified_gmt":"2022-12-31T19:00:08","slug":"as-maravilhas-do-comunismo-a-prostituicao-infantil-no-vetnam","status":"publish","type":"page","link":"https:\/\/opatriota.org\/?page_id=45860","title":{"rendered":"Maravilhas do comunismo: a prostitui\u00e7\u00e3o infantil no Vietnam"},"content":{"rendered":"<p style=\"text-align: justify;\">Este \u00e9 um v\u00eddeo antigo, publicado no YouTube em seus prim\u00f3rdios, pelos idos de 2006 e por isso a qualidade da imagem \u00e9 ruim, devido estar em uma resolu\u00e7\u00e3o de 240 pontos por polegada.<\/p>\n<p style=\"text-align: justify;\">O v\u00eddeo mostra um bordel de crian\u00e7as, mais conhecido como &#8220;brothels&#8221;, aonde homens (e mulheres, tamb\u00e9m) ricos e abastados se dirigem para praticar o nojento e hediondo turismo sexual, crime que n\u00e3o podem cometer impunemente em suas terras.<\/p>\n<p style=\"text-align: justify;\">O comunismo\/socialismo \u00e9 t\u00e3o bom que as crian\u00e7as dos pa\u00edses que abra\u00e7aram este regime assassino e escravizante tem que se prostituir para n\u00e3o morrerem de fome.<\/p>\n<p style=\"text-align: justify;\">Quem duvida que consulte os relat\u00f3rios da Interpol.<\/p>\n<p style=\"text-align: justify;\">Em tempo: &#8220;miam, miam&#8221;, escrito nas legendas do v\u00eddeo como &#8220;yum, yum&#8221;, significa sexo oral no idioma vietnamita.<\/p>\n<p style=\"text-align: center;\"><video controls=\"controls\" width=\"560\" height=\"\"><source src=\"\/mp4\/2293.mp4\" type=\"video\/mp4\" \/><\/video><\/p>\n<p style=\"text-align: center;\">[<a href=\"javascript:history.go(-1)\">Voltar<\/a>]<\/p>\n","protected":false},"excerpt":{"rendered":"<p>Este \u00e9 um v\u00eddeo antigo, publicado no YouTube em seus prim\u00f3rdios, pelos idos de 2006 e por isso a qualidade da imagem \u00e9 ruim, devido estar em uma resolu\u00e7\u00e3o de 240 pontos por polegada. O v\u00eddeo mostra um bordel de crian\u00e7as, mais conhecido como &#8220;brothels&#8221;, aonde homens (e mulheres, tamb\u00e9m) ricos e abastados se dirigem &hellip; <a href=\"https:\/\/opatriota.org\/?page_id=45860\" class=\"more-link\">Continuar lendo <span class=\"screen-reader-text\">Maravilhas do comunismo: a prostitui\u00e7\u00e3o infantil no Vietnam<\/span><\/a><\/p>\n","protected":false},"author":1,"featured_media":0,"parent":0,"menu_order":0,"comment_status":"closed","ping_status":"closed","template":"","meta":{"ngg_post_thumbnail":0,"footnotes":""},"class_list":["post-45860","page","type-page","status-publish","hentry"],"_links":{"self":[{"href":"https:\/\/opatriota.org\/index.php?rest_route=\/wp\/v2\/pages\/45860","targetHints":{"allow":["GET"]}}],"collection":[{"href":"https:\/\/opatriota.org\/index.php?rest_route=\/wp\/v2\/pages"}],"about":[{"href":"https:\/\/opatriota.org\/index.php?rest_route=\/wp\/v2\/types\/page"}],"author":[{"embeddable":true,"href":"https:\/\/opatriota.org\/index.php?rest_route=\/wp\/v2\/users\/1"}],"replies":[{"embeddable":true,"href":"https:\/\/opatriota.org\/index.php?rest_route=%2Fwp%2Fv2%2Fcomments&post=45860"}],"version-history":[{"count":1,"href":"https:\/\/opatriota.org\/index.php?rest_route=\/wp\/v2\/pages\/45860\/revisions"}],"predecessor-version":[{"id":65557,"href":"https:\/\/opatriota.org\/index.php?rest_route=\/wp\/v2\/pages\/45860\/revisions\/65557"}],"wp:attachment":[{"href":"https:\/\/opatriota.org\/index.php?rest_route=%2Fwp%2Fv2%2Fmedia&parent=45860"}],"curies":[{"name":"wp","href":"https:\/\/api.w.org\/{rel}","templated":true}]}}