{"id":52164,"date":"2020-02-27T03:18:17","date_gmt":"2020-02-27T06:18:17","guid":{"rendered":"http:\/\/opatriota.org\/?page_id=52164"},"modified":"2022-12-31T16:03:44","modified_gmt":"2022-12-31T19:03:44","slug":"falta-seguranca-publica-educacao-e-saude-de-qualidade-cobrem-do-congresso","status":"publish","type":"page","link":"https:\/\/opatriota.org\/?page_id=52164","title":{"rendered":"Falta seguran\u00e7a p\u00fablica, educa\u00e7\u00e3o e sa\u00fade de qualidade? Cobrem do Congresso"},"content":{"rendered":"<p>Os cr\u00e1pulas corruptos travestidos de parlamentares querem torrar trinta bilh\u00f5es de reais arrancados do contribuintes em campanha eleitoral.<\/p>\n<p style=\"text-align: center;\">[<a href=\"javascript:history.go(-1)\">Voltar<\/a>]<\/p>\n","protected":false},"excerpt":{"rendered":"<p>Os cr\u00e1pulas corruptos travestidos de parlamentares querem torrar trinta bilh\u00f5es de reais arrancados do contribuintes em campanha eleitoral. [Voltar]<\/p>\n","protected":false},"author":1,"featured_media":0,"parent":0,"menu_order":0,"comment_status":"closed","ping_status":"closed","template":"","meta":{"ngg_post_thumbnail":0,"footnotes":""},"class_list":["post-52164","page","type-page","status-publish","hentry"],"_links":{"self":[{"href":"https:\/\/opatriota.org\/index.php?rest_route=\/wp\/v2\/pages\/52164","targetHints":{"allow":["GET"]}}],"collection":[{"href":"https:\/\/opatriota.org\/index.php?rest_route=\/wp\/v2\/pages"}],"about":[{"href":"https:\/\/opatriota.org\/index.php?rest_route=\/wp\/v2\/types\/page"}],"author":[{"embeddable":true,"href":"https:\/\/opatriota.org\/index.php?rest_route=\/wp\/v2\/users\/1"}],"replies":[{"embeddable":true,"href":"https:\/\/opatriota.org\/index.php?rest_route=%2Fwp%2Fv2%2Fcomments&post=52164"}],"version-history":[{"count":1,"href":"https:\/\/opatriota.org\/index.php?rest_route=\/wp\/v2\/pages\/52164\/revisions"}],"predecessor-version":[{"id":65609,"href":"https:\/\/opatriota.org\/index.php?rest_route=\/wp\/v2\/pages\/52164\/revisions\/65609"}],"wp:attachment":[{"href":"https:\/\/opatriota.org\/index.php?rest_route=%2Fwp%2Fv2%2Fmedia&parent=52164"}],"curies":[{"name":"wp","href":"https:\/\/api.w.org\/{rel}","templated":true}]}}