{"id":52698,"date":"2020-05-13T21:18:03","date_gmt":"2020-05-14T00:18:03","guid":{"rendered":"http:\/\/opatriota.org\/?page_id=52698"},"modified":"2022-12-31T15:08:20","modified_gmt":"2022-12-31T18:08:20","slug":"um-dia-de-muitos-titulos-na-historia-13-de-maio","status":"publish","type":"page","link":"https:\/\/opatriota.org\/?page_id=52698","title":{"rendered":"Um dia de muitos t\u00edtulos na hist\u00f3ria &#8211; 13 de maio!"},"content":{"rendered":"<p>A Igreja Cat\u00f3lica Romana consagra a data \u00e0 primeira apari\u00e7\u00e3o de Nossa Senhora na Cova da Iria, em F\u00e1tima, Portugal, no dia 13 de maio de 1917, enquanto no Brasil a data entrou para a hist\u00f3ria pela liberta\u00e7\u00e3o dos escravos com a assinatura da lei \u00c1urea, sancionada por sua alteza imperial a princesa Isabel, em nome do imperador Dom Pedro II, em 13 de maio de 1888, h\u00e1 132 anos.<\/p>\n","protected":false},"excerpt":{"rendered":"<p>A Igreja Cat\u00f3lica Romana consagra a data \u00e0 primeira apari\u00e7\u00e3o de Nossa Senhora na Cova da Iria, em F\u00e1tima, Portugal, no dia 13 de maio de 1917, enquanto no Brasil a data entrou para a hist\u00f3ria pela liberta\u00e7\u00e3o dos escravos com a assinatura da lei \u00c1urea, sancionada por sua alteza imperial a princesa Isabel, em &hellip; <a href=\"https:\/\/opatriota.org\/?page_id=52698\" class=\"more-link\">Continuar lendo <span class=\"screen-reader-text\">Um dia de muitos t\u00edtulos na hist\u00f3ria &#8211; 13 de maio!<\/span><\/a><\/p>\n","protected":false},"author":1,"featured_media":0,"parent":0,"menu_order":0,"comment_status":"closed","ping_status":"closed","template":"","meta":{"ngg_post_thumbnail":0,"footnotes":""},"class_list":["post-52698","page","type-page","status-publish","hentry"],"_links":{"self":[{"href":"https:\/\/opatriota.org\/index.php?rest_route=\/wp\/v2\/pages\/52698","targetHints":{"allow":["GET"]}}],"collection":[{"href":"https:\/\/opatriota.org\/index.php?rest_route=\/wp\/v2\/pages"}],"about":[{"href":"https:\/\/opatriota.org\/index.php?rest_route=\/wp\/v2\/types\/page"}],"author":[{"embeddable":true,"href":"https:\/\/opatriota.org\/index.php?rest_route=\/wp\/v2\/users\/1"}],"replies":[{"embeddable":true,"href":"https:\/\/opatriota.org\/index.php?rest_route=%2Fwp%2Fv2%2Fcomments&post=52698"}],"version-history":[{"count":1,"href":"https:\/\/opatriota.org\/index.php?rest_route=\/wp\/v2\/pages\/52698\/revisions"}],"predecessor-version":[{"id":65532,"href":"https:\/\/opatriota.org\/index.php?rest_route=\/wp\/v2\/pages\/52698\/revisions\/65532"}],"wp:attachment":[{"href":"https:\/\/opatriota.org\/index.php?rest_route=%2Fwp%2Fv2%2Fmedia&parent=52698"}],"curies":[{"name":"wp","href":"https:\/\/api.w.org\/{rel}","templated":true}]}}