{"id":53957,"date":"2020-12-01T19:04:21","date_gmt":"2020-12-01T22:04:21","guid":{"rendered":"http:\/\/opatriota.org\/?page_id=53957"},"modified":"2022-12-31T16:12:44","modified_gmt":"2022-12-31T19:12:44","slug":"a-ma-fe-do-twitter","status":"publish","type":"page","link":"https:\/\/opatriota.org\/?page_id=53957","title":{"rendered":"A m\u00e1 f\u00e9 do Twitter"},"content":{"rendered":"\n<p style=\"text-align: justify;\">Twitter redirecionando links de mat\u00e9ria s\u00e9rias para propagandas ou at\u00e9 sites criminosos.<\/p>\n\n\n\n<p style=\"text-align: justify;\">Veja no v\u00eddeo abaixo o que a plataforma fez com um toque em um atalho de uma mat\u00e9ria deste website.<\/p>\n<p style=\"text-align: center;\"><video controls=\"controls\" width=\"560\" height=\"420\">\n<source src=\"\/wp-content\/uploads\/2020\/11\/Screen_Recording_20201102-171758_Chrome.mp4\" type=\"video\/mp4\"><\/video><\/p>","protected":false},"excerpt":{"rendered":"<p>Twitter redirecionando links de mat\u00e9ria s\u00e9rias para propagandas ou at\u00e9 sites criminosos. Veja no v\u00eddeo abaixo o que a plataforma fez com um toque em um atalho de uma mat\u00e9ria deste website.<\/p>\n","protected":false},"author":1,"featured_media":0,"parent":0,"menu_order":0,"comment_status":"closed","ping_status":"closed","template":"","meta":{"ngg_post_thumbnail":0,"footnotes":""},"class_list":["post-53957","page","type-page","status-publish","hentry"],"_links":{"self":[{"href":"https:\/\/opatriota.org\/index.php?rest_route=\/wp\/v2\/pages\/53957","targetHints":{"allow":["GET"]}}],"collection":[{"href":"https:\/\/opatriota.org\/index.php?rest_route=\/wp\/v2\/pages"}],"about":[{"href":"https:\/\/opatriota.org\/index.php?rest_route=\/wp\/v2\/types\/page"}],"author":[{"embeddable":true,"href":"https:\/\/opatriota.org\/index.php?rest_route=\/wp\/v2\/users\/1"}],"replies":[{"embeddable":true,"href":"https:\/\/opatriota.org\/index.php?rest_route=%2Fwp%2Fv2%2Fcomments&post=53957"}],"version-history":[{"count":1,"href":"https:\/\/opatriota.org\/index.php?rest_route=\/wp\/v2\/pages\/53957\/revisions"}],"predecessor-version":[{"id":65613,"href":"https:\/\/opatriota.org\/index.php?rest_route=\/wp\/v2\/pages\/53957\/revisions\/65613"}],"wp:attachment":[{"href":"https:\/\/opatriota.org\/index.php?rest_route=%2Fwp%2Fv2%2Fmedia&parent=53957"}],"curies":[{"name":"wp","href":"https:\/\/api.w.org\/{rel}","templated":true}]}}