{"id":56752,"date":"2021-08-20T23:04:27","date_gmt":"2021-08-21T02:04:27","guid":{"rendered":"https:\/\/opatriota.org\/?page_id=56752"},"modified":"2024-08-04T01:46:52","modified_gmt":"2024-08-04T04:46:52","slug":"como-acreditar-na-seguranca-e-lisura-das-urnas-eletronicas","status":"publish","type":"page","link":"https:\/\/opatriota.org\/?page_id=56752","title":{"rendered":"Voc\u00ea acredita na seguran\u00e7a e lisura do sistema eleitoral eletr\u00f4nico?"},"content":{"rendered":"<p style=\"text-align: justify;\">Um dos grandes ind\u00edcios de fraude eleitoral no sistema eletr\u00f4nico de vota\u00e7\u00e3o, \u00e9 o v\u00eddeo abaixo, da campanha de Gleisi Hoffmann (agora senhora Lindberg Farias porque ela se divorciou do ot\u00e1rio Paulo Bernardo e se ajuntou com o cara de pau pintada do PT) no qual se v\u00ea o vexame que foram seus com\u00edcios por Curitiba, mas a delirante-paranoica teve 120 mil votos e elegeu-se deputada federal em um Estado que&nbsp; tem \u00f3dio mortal de Lula e seus capangas e comparsas.<\/p>\n<p style=\"text-align: center;\"><video controls=\"controls\" width=\"560\" height=\"\"><source src=\"\/mp4\/1489.mp4\" type=\"video\/mp4\" \/><\/video><\/p>\n<p style=\"text-align: justify;\">Outra certeza de fraude eleitoral est\u00e1 na afirma\u00e7\u00e3o do Min. Barroso de que &#8220;elei\u00e7\u00f5es n\u00e3o se vence, se toma&#8221;, que pode ser ouvida no v\u00eddeo abaixo:<\/p>\n<p style=\"text-align: center;\"><video controls=\"controls\" width=\"560\" height=\"x\"><source src=\"\/mp4\/3696b.mp4\" type=\"video\/mp4\"><\/video><\/p>\n<p style=\"text-align: center;\">[<a href=\"javascript:history.go(-1)\">Voltar<\/a>]<\/p>\n","protected":false},"excerpt":{"rendered":"<p>Um dos grandes ind\u00edcios de fraude eleitoral no sistema eletr\u00f4nico de vota\u00e7\u00e3o, \u00e9 o v\u00eddeo abaixo, da campanha de Gleisi Hoffmann (agora senhora Lindberg Farias porque ela se divorciou do ot\u00e1rio Paulo Bernardo e se ajuntou com o cara de pau pintada do PT) no qual se v\u00ea o vexame que foram seus com\u00edcios por &hellip; <a href=\"https:\/\/opatriota.org\/?page_id=56752\" class=\"more-link\">Continuar lendo <span class=\"screen-reader-text\">Voc\u00ea acredita na seguran\u00e7a e lisura do sistema eleitoral eletr\u00f4nico?<\/span><\/a><\/p>\n","protected":false},"author":1,"featured_media":0,"parent":0,"menu_order":0,"comment_status":"closed","ping_status":"closed","template":"","meta":{"ngg_post_thumbnail":0,"footnotes":""},"class_list":["post-56752","page","type-page","status-publish","hentry"],"_links":{"self":[{"href":"https:\/\/opatriota.org\/index.php?rest_route=\/wp\/v2\/pages\/56752","targetHints":{"allow":["GET"]}}],"collection":[{"href":"https:\/\/opatriota.org\/index.php?rest_route=\/wp\/v2\/pages"}],"about":[{"href":"https:\/\/opatriota.org\/index.php?rest_route=\/wp\/v2\/types\/page"}],"author":[{"embeddable":true,"href":"https:\/\/opatriota.org\/index.php?rest_route=\/wp\/v2\/users\/1"}],"replies":[{"embeddable":true,"href":"https:\/\/opatriota.org\/index.php?rest_route=%2Fwp%2Fv2%2Fcomments&post=56752"}],"version-history":[{"count":11,"href":"https:\/\/opatriota.org\/index.php?rest_route=\/wp\/v2\/pages\/56752\/revisions"}],"predecessor-version":[{"id":82872,"href":"https:\/\/opatriota.org\/index.php?rest_route=\/wp\/v2\/pages\/56752\/revisions\/82872"}],"wp:attachment":[{"href":"https:\/\/opatriota.org\/index.php?rest_route=%2Fwp%2Fv2%2Fmedia&parent=56752"}],"curies":[{"name":"wp","href":"https:\/\/api.w.org\/{rel}","templated":true}]}}