{"id":56958,"date":"2021-08-31T22:23:00","date_gmt":"2021-09-01T01:23:00","guid":{"rendered":"https:\/\/opatriota.org\/?page_id=56958"},"modified":"2022-12-31T16:13:06","modified_gmt":"2022-12-31T19:13:06","slug":"em-surto-paranoico-delirante-stf-cria-programa-para-combater-fake-news-e-ataques-contra-a-corte","status":"publish","type":"page","link":"https:\/\/opatriota.org\/?page_id=56958","title":{"rendered":"Em surto paranoico-delirante STF cria programa para combater fake news e ataques contra a Corte"},"content":{"rendered":"<p style=\"text-align: justify;\">Os urubus togados est\u00e3o preocupados com ataques a corte? Para cometer um atentado contra eles basta apenas esfregar a Constitui\u00e7\u00e3o Federal em suas fu\u00e7as imundas.<\/p>\n<p style=\"text-align: justify;\">O problema no STF n\u00e3o \u00e9 a tal &#8220;fake news&#8221; ou not\u00edcias falsas, crime existente apenas no imagin\u00e1rio paranoide e desesperado deles, e inexistente no c\u00f3digo penal brasileiro, mas o desespero em sufocar as &#8220;true news&#8221;, as not\u00edcias verdadeiras que desmascaram a banda podre da casa de horrores e toler\u00e2ncia jur\u00eddica tupiniquim.<\/p>\n<p style=\"text-align: justify;\">A suprema corte de injusti\u00e7a bolivariana Tupiniquim pensa que s\u00f3 tem idiotas nessa Rep\u00fablica bananeira.<\/p>\n<p style=\"text-align: justify;\">Acusar algu\u00e9m, injustamente ou sem provas, de conduta ou fato delituoso definido em lei constitui-se crime de cal\u00fania, nos termos do artigo 138 do c\u00f3digo penal, enquanto acusar algu\u00e9m de fato n\u00e3o definido como crime em lei, mais que ofenda, constitui-se crime de inj\u00faria, disposto no artigo 140 do mesmo cap\u00edtulo V do c\u00f3digo penal e processual.<\/p>\n<p style=\"text-align: justify;\">O povo brasileiro tem de acordar e acionar judicialmente este Supremo tribunal Federal que n\u00e3o presta para nada, al\u00e9m de torrar o dinheiro arrancado do contribuinte, pelo crime de inj\u00faria, exigindo dos d\u00e9spotas togados uma alta compensa\u00e7\u00e3o em dinheiro, pago de seus pr\u00f3prios bolsos, n\u00e3o pelo contribuinte, pelo insulto proferido contra cada cidad\u00e3o que sustenta aquela corte bolivariana inspirada nos moldes chavistas da Venezuela.<\/p>\n<p style=\"text-align: justify;\">Este STF que est\u00e1 a\u00ed d\u00e1 nojo. Urubu voa sobre Bras\u00edlia com uma asa s\u00f3. Com a outra ele tapa o nariz. Leia <a href=\"https:\/\/www.oantagonista.com\/brasil\/stf-cria-programa-para-combater-fake-news-e-ataques-contra-a-corte\/\" target=\"_blank\" rel=\"noopener\">aqui<\/a><\/p>\n<p style=\"text-align: center;\">[<a href=\"javascript:history.go(-1)\">Voltar<\/a>]<\/p>\n","protected":false},"excerpt":{"rendered":"<p>Os urubus togados est\u00e3o preocupados com ataques a corte? Para cometer um atentado contra eles basta apenas esfregar a Constitui\u00e7\u00e3o Federal em suas fu\u00e7as imundas. O problema no STF n\u00e3o \u00e9 a tal &#8220;fake news&#8221; ou not\u00edcias falsas, crime existente apenas no imagin\u00e1rio paranoide e desesperado deles, e inexistente no c\u00f3digo penal brasileiro, mas o &hellip; <a href=\"https:\/\/opatriota.org\/?page_id=56958\" class=\"more-link\">Continuar lendo <span class=\"screen-reader-text\">Em surto paranoico-delirante STF cria programa para combater fake news e ataques contra a Corte<\/span><\/a><\/p>\n","protected":false},"author":1,"featured_media":0,"parent":0,"menu_order":0,"comment_status":"closed","ping_status":"closed","template":"","meta":{"ngg_post_thumbnail":0,"footnotes":""},"class_list":["post-56958","page","type-page","status-publish","hentry"],"_links":{"self":[{"href":"https:\/\/opatriota.org\/index.php?rest_route=\/wp\/v2\/pages\/56958","targetHints":{"allow":["GET"]}}],"collection":[{"href":"https:\/\/opatriota.org\/index.php?rest_route=\/wp\/v2\/pages"}],"about":[{"href":"https:\/\/opatriota.org\/index.php?rest_route=\/wp\/v2\/types\/page"}],"author":[{"embeddable":true,"href":"https:\/\/opatriota.org\/index.php?rest_route=\/wp\/v2\/users\/1"}],"replies":[{"embeddable":true,"href":"https:\/\/opatriota.org\/index.php?rest_route=%2Fwp%2Fv2%2Fcomments&post=56958"}],"version-history":[{"count":1,"href":"https:\/\/opatriota.org\/index.php?rest_route=\/wp\/v2\/pages\/56958\/revisions"}],"predecessor-version":[{"id":65600,"href":"https:\/\/opatriota.org\/index.php?rest_route=\/wp\/v2\/pages\/56958\/revisions\/65600"}],"wp:attachment":[{"href":"https:\/\/opatriota.org\/index.php?rest_route=%2Fwp%2Fv2%2Fmedia&parent=56958"}],"curies":[{"name":"wp","href":"https:\/\/api.w.org\/{rel}","templated":true}]}}