{"id":57214,"date":"2021-09-12T23:05:54","date_gmt":"2021-09-13T02:05:54","guid":{"rendered":"https:\/\/opatriota.org\/?page_id=57214"},"modified":"2024-05-09T23:38:13","modified_gmt":"2024-05-10T02:38:13","slug":"bolsonaro-amarelou","status":"publish","type":"page","link":"https:\/\/opatriota.org\/?page_id=57214","title":{"rendered":"Bolsonaro amarelou&#8230;"},"content":{"rendered":"\n<p><p style=\"text-align: justify;\">Eu desisto. A suprema banda podre continuar\u00e1 reinando absoluta e sapateando na cara do contribuinte que a sustenta \u00e0 lagosta, vinhos premiados, caviar e uma imensid\u00e3o de mordomias e regalias odiosas, nojentas e injustas.<\/p><\/p>\n\n\n\n<p><p style=\"text-align: justify;\">O neg\u00f3cio \u00e9 virar petista, pois como n\u00e3o h\u00e1 nenhum pr\u00e9-requisito para ser membro da maior organiza\u00e7\u00e3o criminosa da hist\u00f3ria da humanidade, bastando apenas ser <strong>vagabundo, analfabeto, incompetente e LAMBER O RABO DO MOLUSCO PSICOPATA, CORRUPTO, LADR\u00c3O, VAGABUNDO, CACHACEIRO, ANALFABETO QUE CRUCIFICOU TIRADENTES,<\/strong> que se ganha tudo o que precisa e quer sem ter de trabalhar.<\/p><\/p>\n\n\n\n<p><p style=\"text-align: justify;\">O povinho vagabundo que acredita em almo\u00e7o gr\u00e1tis merece comer merda e virar escravo de col\u00f4nias estrangeiras por toda a eternidade.<\/p><\/p>\n\n\n<p style=\"text-align: justify;\">O Brasil continua a ser comandado por gente que n\u00e3o vale as fezes que evacua.<\/p>\n\n\n<figure class=\"wp-block-video aligncenter\"><video controls src=\"\/mp4\/5362.mp4\"><\/video><\/figure>\n\n\n\n<p style=\"text-align: center;\">[<a href=\"javascript:history.go(-1)\">Voltar<\/a>]<\/p>\n","protected":false},"excerpt":{"rendered":"<p>Eu desisto. A suprema banda podre continuar\u00e1 reinando absoluta e sapateando na cara do contribuinte que a sustenta \u00e0 lagosta, vinhos premiados, caviar e uma imensid\u00e3o de mordomias e regalias odiosas, nojentas e injustas. O neg\u00f3cio \u00e9 virar petista, pois como n\u00e3o h\u00e1 nenhum pr\u00e9-requisito para ser membro da maior organiza\u00e7\u00e3o criminosa da hist\u00f3ria da &hellip; <a href=\"https:\/\/opatriota.org\/?page_id=57214\" class=\"more-link\">Continuar lendo <span class=\"screen-reader-text\">Bolsonaro amarelou&#8230;<\/span><\/a><\/p>\n","protected":false},"author":1,"featured_media":0,"parent":0,"menu_order":0,"comment_status":"closed","ping_status":"closed","template":"","meta":{"ngg_post_thumbnail":0,"footnotes":""},"class_list":["post-57214","page","type-page","status-publish","hentry"],"_links":{"self":[{"href":"https:\/\/opatriota.org\/index.php?rest_route=\/wp\/v2\/pages\/57214","targetHints":{"allow":["GET"]}}],"collection":[{"href":"https:\/\/opatriota.org\/index.php?rest_route=\/wp\/v2\/pages"}],"about":[{"href":"https:\/\/opatriota.org\/index.php?rest_route=\/wp\/v2\/types\/page"}],"author":[{"embeddable":true,"href":"https:\/\/opatriota.org\/index.php?rest_route=\/wp\/v2\/users\/1"}],"replies":[{"embeddable":true,"href":"https:\/\/opatriota.org\/index.php?rest_route=%2Fwp%2Fv2%2Fcomments&post=57214"}],"version-history":[{"count":6,"href":"https:\/\/opatriota.org\/index.php?rest_route=\/wp\/v2\/pages\/57214\/revisions"}],"predecessor-version":[{"id":81007,"href":"https:\/\/opatriota.org\/index.php?rest_route=\/wp\/v2\/pages\/57214\/revisions\/81007"}],"wp:attachment":[{"href":"https:\/\/opatriota.org\/index.php?rest_route=%2Fwp%2Fv2%2Fmedia&parent=57214"}],"curies":[{"name":"wp","href":"https:\/\/api.w.org\/{rel}","templated":true}]}}