{"id":57827,"date":"2021-10-20T21:29:00","date_gmt":"2021-10-21T00:29:00","guid":{"rendered":"http:\/\/opatriota.org\/?page_id=57827"},"modified":"2022-12-31T16:00:08","modified_gmt":"2022-12-31T19:00:08","slug":"o-ato-final-do-circo-parlamentar-de-indecencias-a-sessao-magna-de-limpada-de-bunda-com-o-relatorio","status":"publish","type":"page","link":"https:\/\/opatriota.org\/?page_id=57827","title":{"rendered":"O ato final do Circo Parlamentar de Indec\u00eancias: a sess\u00e3o magna de limpada de bunda com o relat\u00f3rio"},"content":{"rendered":"<p>Meus coment\u00e1rios e considera\u00e7\u00f5es sobre esta sess\u00e3o magna de coroa\u00e7\u00e3o da palha\u00e7ada legislativa:<\/p>\n<ul>\n<li style=\"text-align: justify;\">E as responsabilidades dos desgovernadores do Cons\u00f3rcio Nordeste, heim, Renan CaNALheiros? Teu filho pode estar enterrado at\u00e9 o pesco\u00e7o no mar de fezes que est\u00e1 sendo jogada no ventilador pela CPI da Assembleia Legislativa do Rio Grande do Norte.<\/li>\n<li style=\"text-align: justify;\">O que a ameba manca Renan CaNALheiros e seus palha\u00e7os associados entendem de imunologia, farmacologia e ensaios farmacol\u00f3gicos? Mente at\u00e9 pela bunda. Cometamos um atentado contra os palha\u00e7os da CPI: atiremos um bom livro de imunologia na cara deles.<\/li>\n<li style=\"text-align: justify;\">A gripe espanhola de 1918-1919 matou entre 50 e 100 milh\u00f5es de pessoas ao redor do mundo, cinco milh\u00f5es no Brasil, oficialmente (n\u00e3o se sabe exatamente quantos morreram por aqui), e desapareceu da mesma forma como surgiu: SEM VACINA! Todo v\u00edrus tem um ciclo que, ap\u00f3s cumprido, acaba. A gripe espanhola matou at\u00e9 o presidente eleito do Brasil, Rodrigues Alves, em janeiro de 1919, antes de tomar posse na presid\u00eancia.<\/li>\n<li style=\"text-align: justify;\">O relat\u00f3rio escatol\u00f3gico da CPI circense servir\u00e1 para teses de mestrado e doutorado na \u00e1rea de sa\u00fade mental, no estudo das personalidades psicop\u00e1ticas e megaloman\u00edacas destes in\u00fateis que comp\u00f5em esta estrebaria corrupta chamada Congresso Nacional.<\/li>\n<li style=\"text-align: justify;\">Se o presidente desta republiqueta bananeira fosse um dos cinco generais do per\u00edodo militar e n\u00e3o este frouxo do Bolsonaro, os palha\u00e7os deste circo parlamentar de indec\u00eancia estariam apodrecendo em alguma masmorra de quartel de ex\u00e9rcito l\u00e1 nos confins da amaz\u00f4nia e n\u00e3o vomitando mentiras na cara do contribuinte que os sustenta com os impostos arrancados.<\/li>\n<li style=\"text-align: justify;\">Temos de cobrar destes vagabundos o nosso dinheiro que eles torraram com este circo parlamentar de indec\u00eancia.<\/li>\n<\/ul>\n<p style=\"text-align: center;\"><iframe loading=\"lazy\" src=\"\/\/www.youtube.com\/embed\/5CTb1YcERe8\" allowfullscreen=\"allowfullscreen\" width=\"560\" height=\"314\"><\/iframe><\/p>\n","protected":false},"excerpt":{"rendered":"<p>Meus coment\u00e1rios e considera\u00e7\u00f5es sobre esta sess\u00e3o magna de coroa\u00e7\u00e3o da palha\u00e7ada legislativa: E as responsabilidades dos desgovernadores do Cons\u00f3rcio Nordeste, heim, Renan CaNALheiros? Teu filho pode estar enterrado at\u00e9 o pesco\u00e7o no mar de fezes que est\u00e1 sendo jogada no ventilador pela CPI da Assembleia Legislativa do Rio Grande do Norte. O que a &hellip; <a href=\"https:\/\/opatriota.org\/?page_id=57827\" class=\"more-link\">Continuar lendo <span class=\"screen-reader-text\">O ato final do Circo Parlamentar de Indec\u00eancias: a sess\u00e3o magna de limpada de bunda com o relat\u00f3rio<\/span><\/a><\/p>\n","protected":false},"author":1,"featured_media":0,"parent":0,"menu_order":0,"comment_status":"closed","ping_status":"closed","template":"","meta":{"ngg_post_thumbnail":0,"footnotes":""},"class_list":["post-57827","page","type-page","status-publish","hentry"],"_links":{"self":[{"href":"https:\/\/opatriota.org\/index.php?rest_route=\/wp\/v2\/pages\/57827","targetHints":{"allow":["GET"]}}],"collection":[{"href":"https:\/\/opatriota.org\/index.php?rest_route=\/wp\/v2\/pages"}],"about":[{"href":"https:\/\/opatriota.org\/index.php?rest_route=\/wp\/v2\/types\/page"}],"author":[{"embeddable":true,"href":"https:\/\/opatriota.org\/index.php?rest_route=\/wp\/v2\/users\/1"}],"replies":[{"embeddable":true,"href":"https:\/\/opatriota.org\/index.php?rest_route=%2Fwp%2Fv2%2Fcomments&post=57827"}],"version-history":[{"count":1,"href":"https:\/\/opatriota.org\/index.php?rest_route=\/wp\/v2\/pages\/57827\/revisions"}],"predecessor-version":[{"id":65562,"href":"https:\/\/opatriota.org\/index.php?rest_route=\/wp\/v2\/pages\/57827\/revisions\/65562"}],"wp:attachment":[{"href":"https:\/\/opatriota.org\/index.php?rest_route=%2Fwp%2Fv2%2Fmedia&parent=57827"}],"curies":[{"name":"wp","href":"https:\/\/api.w.org\/{rel}","templated":true}]}}