{"id":59053,"date":"2021-12-27T21:26:06","date_gmt":"2021-12-28T00:26:06","guid":{"rendered":"http:\/\/opatriota.org\/?page_id=59053"},"modified":"2022-12-31T16:01:55","modified_gmt":"2022-12-31T19:01:55","slug":"gilmar-mendes-segundo-joaquim-barbosa","status":"publish","type":"page","link":"https:\/\/opatriota.org\/?page_id=59053","title":{"rendered":"Gilmar Mendes segundo Joaquim Barbosa"},"content":{"rendered":"<p style=\"text-align: justify;\">No v\u00eddeo o que Joaquim Barbosa, outro capacho de Luiz In\u00e1cio LULADR\u00c3O da Silva, pensa de Gilmar Mendes, o jagun\u00e7o predileto do psicopata corrupto, ladr\u00e3o, vagabundo, parasita, cachaceiro que <a href=\"http:\/\/opatriota.org\/?page_id=199\" target=\"_blank\" rel=\"noopener\">crucificou Tiradentes<\/a>.<\/p>\n<p style=\"text-align: center;\"><video controls=\"controls\" width=\"560\" height=\"\"><source src=\"\/mp4\/10.mp4\" type=\"video\/mp4\" \/><\/video><\/p>\n<p style=\"text-align: center;\">[<a href=\"javascript:history.go(-1)\">Voltar<\/a>]<\/p>\n","protected":false},"excerpt":{"rendered":"<p>No v\u00eddeo o que Joaquim Barbosa, outro capacho de Luiz In\u00e1cio LULADR\u00c3O da Silva, pensa de Gilmar Mendes, o jagun\u00e7o predileto do psicopata corrupto, ladr\u00e3o, vagabundo, parasita, cachaceiro que crucificou Tiradentes. [Voltar]<\/p>\n","protected":false},"author":1,"featured_media":0,"parent":0,"menu_order":0,"comment_status":"closed","ping_status":"closed","template":"","meta":{"ngg_post_thumbnail":0,"footnotes":""},"class_list":["post-59053","page","type-page","status-publish","hentry"],"_links":{"self":[{"href":"https:\/\/opatriota.org\/index.php?rest_route=\/wp\/v2\/pages\/59053","targetHints":{"allow":["GET"]}}],"collection":[{"href":"https:\/\/opatriota.org\/index.php?rest_route=\/wp\/v2\/pages"}],"about":[{"href":"https:\/\/opatriota.org\/index.php?rest_route=\/wp\/v2\/types\/page"}],"author":[{"embeddable":true,"href":"https:\/\/opatriota.org\/index.php?rest_route=\/wp\/v2\/users\/1"}],"replies":[{"embeddable":true,"href":"https:\/\/opatriota.org\/index.php?rest_route=%2Fwp%2Fv2%2Fcomments&post=59053"}],"version-history":[{"count":1,"href":"https:\/\/opatriota.org\/index.php?rest_route=\/wp\/v2\/pages\/59053\/revisions"}],"predecessor-version":[{"id":65574,"href":"https:\/\/opatriota.org\/index.php?rest_route=\/wp\/v2\/pages\/59053\/revisions\/65574"}],"wp:attachment":[{"href":"https:\/\/opatriota.org\/index.php?rest_route=%2Fwp%2Fv2%2Fmedia&parent=59053"}],"curies":[{"name":"wp","href":"https:\/\/api.w.org\/{rel}","templated":true}]}}