{"id":60639,"date":"2013-03-31T12:27:51","date_gmt":"2013-03-31T15:27:51","guid":{"rendered":"http:\/\/opatriota.org\/?page_id=60639"},"modified":"2022-12-31T15:08:20","modified_gmt":"2022-12-31T18:08:20","slug":"texto-bastante-lucido-sobre-o-que-ocorreu-em-1964","status":"publish","type":"page","link":"https:\/\/opatriota.org\/?page_id=60639","title":{"rendered":"Texto bastante l\u00facido sobre o que ocorreu em 1964"},"content":{"rendered":"<p style=\"text-align:justify;\">Gostaria de dizer algumas coisas sobre o que aconteceu no dia 31\/03\/1964 e nos anos que se seguiram. Porque concluo, diante do que ou\u00e7o de pessoas em quem confio intelectualmente, que h\u00e1 algo muito errado na forma como a hist\u00f3ria \u00e9 contada. Nada t\u00e3o absurdo, considerando as balelas que ouvimos sobre o &#8220;descobrimento&#8221; do Brasil ou a forma como as pessoas fazem vistas grossas para as mortes e as torturas perpetradas pela Igreja Cat\u00f3lica durante s\u00e9culos. Mas, ainda assim, simplesmente n\u00e3o entendo como \u00e9 poss\u00edvel que esse assunto seja t\u00e3o parcial e levianamente abordado pelos que viveram aqueles tempos e, o que \u00e9 pior, pelos que n\u00e3o viveram.<!--more--><\/p>\n<p style=\"text-align:justify;\">Nenhuma pessoa dotada de mediano senso cr\u00edtico vai negar que houve excessos por parte do Governo Militar. Nesta seara, os fatos falam por si e por mais que se tente vislumbrar certos aspectos sob um prisma eufem\u00edstico, tortura e morte s\u00e3o realidades que emergem de maneira ineg\u00e1vel.<\/p>\n<p style=\"text-align:justify;\">Ocorre que \u00e9 preciso contextualizar as coisas. Porque analisar fatos extirpados do substrato hist\u00f3rico-cultural em meio ao qual eles foram forjados \u00e9 um equ\u00edvoco dial\u00e9tico (para os ignorantes) e uma desonestidade intelectual (para os que conhecem os ditames do racioc\u00ednio l\u00f3gico). E o que se faz com rela\u00e7\u00e3o aos Governos Militares do Brasil \u00e9 justamente ignorar o contexto hist\u00f3rico e analisar seus atos conforme o contexto que melhor serve ao prop\u00f3sito de denegri-los.<\/p>\n<p style=\"text-align:justify;\">Poucos lembram da Guerra Fria, por exemplo. De como o mundo era polarizado e de qu\u00e3o real era a possibilidade de uma investida comunista em territ\u00f3rio nacional. Basta lembrar de Jango e J\u00e2nio; da visita \u00e0 China; da condecora\u00e7\u00e3o de Guevara, este, um assassino cuja empatia pessoal abafa sua natureza implac\u00e1vel diante dos inimigos.<\/p>\n<p style=\"text-align:justify;\">Nada contra o Comunismo, diga-se de passagem, como filosofia. Mas creio que seja desnecess\u00e1rio tecer maiores coment\u00e1rios sobre o grau de autoritarismo e repress\u00e3o vivido por aqueles que vivem sob este sistema. Porque algumas pessoas adoram Cuba, idolatram Guevara e celebram Ch\u00e1vez, at\u00e9. Mas esquecem do rastro de sangue deixado por todos eles; esquecem as mazelas que afligem a todos os que ousam insurgir-se contra esse sistema t\u00e3o &#8220;justo e igualit\u00e1rio&#8221;. T\u00e3o belo e perfeito que milhares de retirantes aventuram-se todos os anos em balsas em meio a tempestades e tubar\u00f5es na tentativa de conseguirem uma vida melhor.<\/p>\n<p style=\"text-align:justify;\">A grande verdade \u00e9 que o golpe ou revolu\u00e7\u00e3o de 1964, chame como queira, talvez tenha livrado seus pais, av\u00f3s, tios e at\u00e9 voc\u00ea mesmo e sua fam\u00edlia de viver essa realidade. E digo talvez, porque jamais saberemos se isso, de fato, iria acontecer. Por\u00e9m, na d\u00favida, respeito a todos os que n\u00e3o esperaram sentados para ver o Brasil virar uma Cuba.<\/p>\n<p style=\"text-align:justify;\">Respeito, da mesma forma, quem pegou em armas para lutar contra o Governo Militar. Tendo a ver nobreza nos que renunciam ao conforto pessoal em nome de um ideal. Respeito, honestamente.<\/p>\n<p style=\"text-align:justify;\">Mas n\u00e3o respeito a forma como esses &#8220;guerreiros&#8221; tratam o conflito. E respeito menos ainda quem os trata como her\u00f3is e os militares como vil\u00f5es. \u00c9 uma simplifica\u00e7\u00e3o que as pessoas costumam fazer. Fruto da forma dual como somos educados a raciocinar desde pequenos. Ainda assim, equivocada e preconceituosa.<\/p>\n<p style=\"text-align:justify;\">Numa guerra n\u00e3o h\u00e1 her\u00f3is. Menos ainda quando ela \u00e9 travada entre irm\u00e3os. E uma coisa que se aprende na caserna \u00e9 respeitar o inimigo. Respeitar o inimigo n\u00e3o \u00e9 deixar, por vezes, de puxar o gatilho. Respeitar o inimigo \u00e9 separar o guerreiro do homem. \u00c9 tratar com nobreza e fidalguia os que tentam te matar, t\u00e3o logo a luta esteja acabada. \u00c9 saber que as a\u00e7\u00f5es tomadas em um contexto de guerra n\u00e3o obedecem \u00e0 \u00e9tica do dia-a-dia. Elas obedecem a uma l\u00f3gica excepcional; do estado de necessidade, da miss\u00e3o acima do indiv\u00edduo, do evitar o mal maior.<\/p>\n<p style=\"text-align:justify;\">Os grandes chefes militares n\u00e3o permanecem inimigos a vida inteira. Mesmo os que se enfrentam em sangrentas batalhas. E normalmente se encontram ap\u00f3s o conflito, trocando suas espadas como sinal de respeito. S\u00e3o v\u00e1rios os exemplos nesse sentido ao longo da hist\u00f3ria. Aconteceu na Guerra de Secess\u00e3o, na Segunda Guerra Mundial, no Vietn\u00e3, para pegar exemplos mais conhecidos. A verdade \u00e9 que existe entre os grandes Generais uma rela\u00e7\u00e3o de admira\u00e7\u00e3o.<\/p>\n<p style=\"text-align:justify;\">A esquerda brasileira, por outro lado, adora tratar os seus guerrilheiros como her\u00f3is. Guerreiros que pegaram em armas contra a opress\u00e3o; que sequestraram, explodiram e mataram em nome do seu ideal.<\/p>\n<p style=\"text-align:justify;\">E a\u00ed eu pergunto: os crimes deles s\u00e3o menos importantes que os praticados pelos militares? O sangue dos soldados que tombaram \u00e9 menos vermelho do que o dos guerrilheiros? A\u00e7\u00f5es equivocadas de um lado desnaturam o car\u00e1ter nebuloso das a\u00e7\u00f5es praticadas pelo outro? Penso que n\u00e3o. E vou al\u00e9m.<\/p>\n<p style=\"text-align:justify;\">A lei de Anistia \u00e9 um perfeito exemplo da nobreza que me referi anteriormente. Porque o lado vencedor (sim, quem fica 20 anos no poder e sai porque quer, definitivamente \u00e9 o lado vencedor) concedeu perd\u00e3o amplo e irrestrito a todos os que participaram da luta armada. De lado a lado. Sem restri\u00e7\u00f5es. Como deve ser entre cavalheiros. E por press\u00e3o de Figueiredo, ressalto, desde j\u00e1. Porque havia correntes pressionando por uma anistia mitigada.<\/p>\n<p style=\"text-align:justify;\">Esse respeito, entretanto. S\u00f3 existiu de um lado. Porque a esquerda, amargurada pela derrota e pela pequenez moral de seus l\u00edderes nada mais fez nos anos que se seguiram, do que pisar na mem\u00f3ria de suas For\u00e7as Armadas. E assim seguem fazendo. Jogando na lama a honra dos que tombaram por este pa\u00eds nos campos de batalha. E contaminando a maneira de pensar daqueles que cresceram ouvindo as tolices ditas pelos nossos comunistas. Comunistas que amam Cuba e Fidel, mas que moram nas suas coberturas e dirigem seus carr\u00f5es. Bem diferente dos nossos militares, diga-se de passagem.<\/p>\n<p style=\"text-align:justify;\">Gra\u00e7as a eles, nossa juventude sente repulsa pela autoridade. Acha bonito jogar pedras na Pol\u00edcia e acha que qualquer ato de disciplina encerra um vi\u00e9s repressivo e antilibert\u00e1rio. \u00c9 uma total invers\u00e3o de valores. O que explica, de qualquer forma, a maneira como tratamos os professores e os idosos no Brasil.<\/p>\n<p style=\"text-align:justify;\">Ent\u00e3o, neste 31 de mar\u00e7o, celebrarei aqueles que se levantaram contra o mal iminente. Celebrarei os que serviram \u00e0 P\u00e1tria com honra e abnega\u00e7\u00e3o. Celebrarei os que honraram suas estrelas e divisas e n\u00e3o deixaram nosso pa\u00eds cair nas m\u00e3os da esc\u00f3ria moral que, anos depois, o povo brasileiro resolveu por bem colocar no Poder.<\/p>\n<p style=\"text-align:justify;\">Bem feito. Cada povo tem os pol\u00edticos que merece.<\/p>\n<p style=\"text-align:justify;\">Se voc\u00ea n\u00e3o gosta das For\u00e7as Armadas porque elas torturaram e mataram, ent\u00e3o, seja, pelo menos, coerente. E passe a nutrir o mesmo dissabor pela corja que explodiu sequestrou e justi\u00e7ou, do outro lado. Mas tenha certeza que, se um dia for necess\u00e1rio sacrificar a vida para defender nosso territ\u00f3rio e nossas institui\u00e7\u00f5es, voc\u00ea s\u00f3 ver\u00e1 um desses lados ter honradez para faz\u00ea-lo.<\/p>\n<p style=\"text-align:justify;\">Por: <a title=\"Este link externo ir\u00e1 abrir em nova janela\" href=\"http:\/\/www.facebook.com\/alexandre.p.garcia.5\/posts\/439856962764355\" rel=\"nofollow\">Alexandre Paz Garcia<\/a><\/p>\n","protected":false},"excerpt":{"rendered":"<p>Gostaria de dizer algumas coisas sobre o que aconteceu no dia 31\/03\/1964 e nos anos que se seguiram. Porque concluo, diante do que ou\u00e7o de pessoas em quem confio intelectualmente, que h\u00e1 algo muito errado na forma como a hist\u00f3ria \u00e9 contada. Nada t\u00e3o absurdo, considerando as balelas que ouvimos sobre o &#8220;descobrimento&#8221; do Brasil &hellip; <a href=\"https:\/\/opatriota.org\/?page_id=60639\" class=\"more-link\">Continuar lendo <span class=\"screen-reader-text\">Texto bastante l\u00facido sobre o que ocorreu em 1964<\/span><\/a><\/p>\n","protected":false},"author":1,"featured_media":0,"parent":0,"menu_order":0,"comment_status":"closed","ping_status":"closed","template":"","meta":{"ngg_post_thumbnail":0,"footnotes":""},"class_list":["post-60639","page","type-page","status-publish","hentry"],"_links":{"self":[{"href":"https:\/\/opatriota.org\/index.php?rest_route=\/wp\/v2\/pages\/60639","targetHints":{"allow":["GET"]}}],"collection":[{"href":"https:\/\/opatriota.org\/index.php?rest_route=\/wp\/v2\/pages"}],"about":[{"href":"https:\/\/opatriota.org\/index.php?rest_route=\/wp\/v2\/types\/page"}],"author":[{"embeddable":true,"href":"https:\/\/opatriota.org\/index.php?rest_route=\/wp\/v2\/users\/1"}],"replies":[{"embeddable":true,"href":"https:\/\/opatriota.org\/index.php?rest_route=%2Fwp%2Fv2%2Fcomments&post=60639"}],"version-history":[{"count":1,"href":"https:\/\/opatriota.org\/index.php?rest_route=\/wp\/v2\/pages\/60639\/revisions"}],"predecessor-version":[{"id":65531,"href":"https:\/\/opatriota.org\/index.php?rest_route=\/wp\/v2\/pages\/60639\/revisions\/65531"}],"wp:attachment":[{"href":"https:\/\/opatriota.org\/index.php?rest_route=%2Fwp%2Fv2%2Fmedia&parent=60639"}],"curies":[{"name":"wp","href":"https:\/\/api.w.org\/{rel}","templated":true}]}}