{"id":61336,"date":"2022-05-16T12:01:11","date_gmt":"2022-05-16T15:01:11","guid":{"rendered":"http:\/\/opatriota.org\/?page_id=61336"},"modified":"2024-05-10T00:02:46","modified_gmt":"2024-05-10T03:02:46","slug":"confissoes-supremas-e-inequivocas","status":"publish","type":"page","link":"https:\/\/opatriota.org\/?page_id=61336","title":{"rendered":"Confiss\u00f5es supremas e inequ\u00edvocas"},"content":{"rendered":"\n<p><p style=\"text-align: justify;\">Ao chantagear a banda podre do Legislativo impedindo a cria\u00e7\u00e3o de alguma forma de auditora do sistema de vota\u00e7\u00e3o, exig\u00eancia do povo que trabalha, paga impostos e sustenta esta Republiqueta Bananeira, o supremo disc\u00edpulo do charlat\u00e3o e man\u00edaco sexual Jo\u00e3o do dem\u00f4nio, digo, de Deus, apenas confirmou e escancarou o que o eleitor suspeitava: o sistema eletr\u00f4nico de vota\u00e7\u00e3o \u00e9 fraud\u00e1vel e os tiranetes megaloman\u00edacos togados que tem seus rabos presos pelo dossi\u00ea do guerrilheiro Daniel tentar\u00e3o fraudar, na marra e sob chantagem, o pleito e eleger o embaixador do inferno na terra Luiz In\u00e1cio LULADR\u00c3O da Silva.<\/p><\/p>\n\n\n\n<p><p style=\"text-align: justify;\">O discurso infame do energ\u00fameno e insignificante Fachin, pau mandado fantasiado de ministro, deixou bem claro as inten\u00e7\u00f5es da quadrilha que tomou de assalto a mais alta corte do judici\u00e1rio, transformado-a em uma casa de horrores e tolerancia juridica.<\/p><\/p>\n\n\n\n<p><p style=\"text-align: justify;\">As onze marionetes comunistoides, fantoches de lula (o min\u00fasculo e desprez\u00edvel) e de de seu capanga e jagun\u00e7o Z\u00e9 Dirceu, escreveram seus nomes com fezes nas paredes da latrina da hist\u00f3ria da humanidade.<\/p><\/p>\n\n\n\n<p><p style=\"text-align: justify;\">Este pa\u00eds d\u00e1 nojo. Urubu sobrevoa Bras\u00edlia com uma asa s\u00f3. Com a outra ele tapa o bico para n\u00e3o ser abatido pelo cheiro da podrid\u00e3o pol\u00edtico-judici\u00e1ria desta sucursal do inferno na terra.<\/p>\n<p>Leia mais:<\/p>\n<ul>\n<li><a href=\"?p=61145\">Existe uma maneira de invadir as urnas eletr\u00f4nicas durante o pleito<\/a><\/li>\n<li><a href=\"?p=56663\">Barroso: &#8220;elei\u00e7\u00e3o n\u00e3o se ganha, se toma&#8221;<\/a><\/li>\n<li><a href=\"?page_id=56752\">Como acreditar na seguran\u00e7a e lisura do sistema eleitoral eletr\u00f4nico?<\/a><\/li>\n<li><a href=\"?p=61287\">Deputado faz graves revela\u00e7\u00f5es e manda duro recado para ministro Moraes<\/a><\/li>\n<li><a href=\"?p=56689\">O Antagonista: \u201cBolsonaro diz que Barroso \u201cchantageou\u201d deputados para derrubar voto impresso\u201d<\/a><\/li>\n<li><a href=\"?p=59870\">O ministro Barroso pensa que s\u00f3 tem idiotas nesta Republiqueta Bananeira<\/a><\/li>\n<li><a href=\"?page_id=56958\">Em surto paranoico-delirante STF cria programa para combater fake news e ataques contra a Corte<\/a><\/li>\n<li><a href=\"?page_id=39812\">\u00cdndio da Costa: Lula ficou ineleg\u00edvel. Ele pode at\u00e9 espernear, mas \u00e9 a lei!<\/a><\/li>\n<li><a href=\"?page_id=36530\">Lula \u2013 B\u00caBADO \u2013 insultando o judici\u00e1rio e o contribuinte brasileiro<\/a><\/li>\n<li><a href=\"?page_id=40218\">Lula conhece a fundo a podrid\u00e3o dos canalhas fantasiados de magistrados<\/a><\/li>\n<li><a href=\"?page_id=54844\">O dono do Supremo<\/a><\/li>\n<li><a href=\"?page_id=52938\" aria-current=\"page\">O Olimpo grego e o Olimpo tupiniquim<\/a><\/li>\n<li><a href=\"?page_id=39906\">O que h\u00e1 por tr\u00e1s de tanto poder que o molusco Lula tem sobre os ministros do STF?<\/a><\/li>\n<li><a href=\"?page_id=196\">O que h\u00e1 por tr\u00e1s do desespero em combater as \u201cfake news\u201d (not\u00edcias falsas)?<\/a><\/li>\n<li><a href=\"?page_id=173\">Os \u201cg\u00eanios\u201d do STF n\u00e3o atentaram para o maior risco do fim da pris\u00e3o em segunda inst\u00e2ncia<\/a><\/li>\n<li><a href=\"?page_id=41155\" aria-current=\"page\">Renegando o passado<\/a><\/li>\n<li><a href=\"?page_id=39584\">Se isso for verdade\u2026<\/a><\/li>\n<li><a href=\"?page_id=34847\" aria-current=\"page\">Verdadeiro objetivo do Partido dos Trabalhadores<\/a><\/li>\n<\/ul>\n<p style=\"text-align: center;\">[<a href=\"javascript:history.go(-1)\">Voltar<\/a>]<\/p><\/p>\n","protected":false},"excerpt":{"rendered":"<p>Ao chantagear a banda podre do Legislativo impedindo a cria\u00e7\u00e3o de alguma forma de auditora do sistema de vota\u00e7\u00e3o, exig\u00eancia do povo que trabalha, paga impostos e sustenta esta Republiqueta Bananeira, o supremo disc\u00edpulo do charlat\u00e3o e man\u00edaco sexual Jo\u00e3o do dem\u00f4nio, digo, de Deus, apenas confirmou e escancarou o que o eleitor suspeitava: o &hellip; <a href=\"https:\/\/opatriota.org\/?page_id=61336\" class=\"more-link\">Continuar lendo <span class=\"screen-reader-text\">Confiss\u00f5es supremas e inequ\u00edvocas<\/span><\/a><\/p>\n","protected":false},"author":1,"featured_media":0,"parent":0,"menu_order":0,"comment_status":"closed","ping_status":"closed","template":"","meta":{"ngg_post_thumbnail":0,"footnotes":""},"class_list":["post-61336","page","type-page","status-publish","hentry"],"_links":{"self":[{"href":"https:\/\/opatriota.org\/index.php?rest_route=\/wp\/v2\/pages\/61336","targetHints":{"allow":["GET"]}}],"collection":[{"href":"https:\/\/opatriota.org\/index.php?rest_route=\/wp\/v2\/pages"}],"about":[{"href":"https:\/\/opatriota.org\/index.php?rest_route=\/wp\/v2\/types\/page"}],"author":[{"embeddable":true,"href":"https:\/\/opatriota.org\/index.php?rest_route=\/wp\/v2\/users\/1"}],"replies":[{"embeddable":true,"href":"https:\/\/opatriota.org\/index.php?rest_route=%2Fwp%2Fv2%2Fcomments&post=61336"}],"version-history":[{"count":4,"href":"https:\/\/opatriota.org\/index.php?rest_route=\/wp\/v2\/pages\/61336\/revisions"}],"predecessor-version":[{"id":81021,"href":"https:\/\/opatriota.org\/index.php?rest_route=\/wp\/v2\/pages\/61336\/revisions\/81021"}],"wp:attachment":[{"href":"https:\/\/opatriota.org\/index.php?rest_route=%2Fwp%2Fv2%2Fmedia&parent=61336"}],"curies":[{"name":"wp","href":"https:\/\/api.w.org\/{rel}","templated":true}]}}