{"id":61893,"date":"2022-06-19T23:03:04","date_gmt":"2022-06-20T02:03:04","guid":{"rendered":"http:\/\/opatriota.org\/?page_id=61893"},"modified":"2022-12-31T16:13:06","modified_gmt":"2022-12-31T19:13:06","slug":"61893-2","status":"publish","type":"page","link":"https:\/\/opatriota.org\/?page_id=61893","title":{"rendered":"Explicado porque existe uma banda podre no STF que faz tudo o que lular\u00e1pio manda"},"content":{"rendered":"<p>At\u00e9 quando os generais que sustentamos com os impostos que nos s\u00e3o arrancados deixar\u00e3o este crime flagrante de estor\u00e7\u00e3o mediante chantagem prosseguir? At\u00e9 o povo se revoltar e come\u00e7ar a atirar nos militares o que gostaria de jogar nas fu\u00e7as do molusco psicopata corrupto, vagabundo, cachaceiro, analfabeto que crucificou Tiradentes luis in\u00e1cio LULADR\u00c3O da silva?<\/p>\n<p style=\"text-align: center;\"><video controls=\"controls\" width=\"560\" height=\"\"><source src=\"\/wp-content\/uploads\/2022\/06\/4551.mp4\" type=\"video\/mp4\" \/><\/video><\/p>\n<p style=\"text-align: center;\">[<a href=\"javascript:history.go(-1)\">Voltar<\/a>]<\/p>\n","protected":false},"excerpt":{"rendered":"<p>At\u00e9 quando os generais que sustentamos com os impostos que nos s\u00e3o arrancados deixar\u00e3o este crime flagrante de estor\u00e7\u00e3o mediante chantagem prosseguir? At\u00e9 o povo se revoltar e come\u00e7ar a atirar nos militares o que gostaria de jogar nas fu\u00e7as do molusco psicopata corrupto, vagabundo, cachaceiro, analfabeto que crucificou Tiradentes luis in\u00e1cio LULADR\u00c3O da silva? &hellip; <a href=\"https:\/\/opatriota.org\/?page_id=61893\" class=\"more-link\">Continuar lendo <span class=\"screen-reader-text\">Explicado porque existe uma banda podre no STF que faz tudo o que lular\u00e1pio manda<\/span><\/a><\/p>\n","protected":false},"author":1,"featured_media":0,"parent":0,"menu_order":0,"comment_status":"closed","ping_status":"closed","template":"","meta":{"ngg_post_thumbnail":0,"footnotes":""},"class_list":["post-61893","page","type-page","status-publish","hentry"],"_links":{"self":[{"href":"https:\/\/opatriota.org\/index.php?rest_route=\/wp\/v2\/pages\/61893","targetHints":{"allow":["GET"]}}],"collection":[{"href":"https:\/\/opatriota.org\/index.php?rest_route=\/wp\/v2\/pages"}],"about":[{"href":"https:\/\/opatriota.org\/index.php?rest_route=\/wp\/v2\/types\/page"}],"author":[{"embeddable":true,"href":"https:\/\/opatriota.org\/index.php?rest_route=\/wp\/v2\/users\/1"}],"replies":[{"embeddable":true,"href":"https:\/\/opatriota.org\/index.php?rest_route=%2Fwp%2Fv2%2Fcomments&post=61893"}],"version-history":[{"count":1,"href":"https:\/\/opatriota.org\/index.php?rest_route=\/wp\/v2\/pages\/61893\/revisions"}],"predecessor-version":[{"id":65607,"href":"https:\/\/opatriota.org\/index.php?rest_route=\/wp\/v2\/pages\/61893\/revisions\/65607"}],"wp:attachment":[{"href":"https:\/\/opatriota.org\/index.php?rest_route=%2Fwp%2Fv2%2Fmedia&parent=61893"}],"curies":[{"name":"wp","href":"https:\/\/api.w.org\/{rel}","templated":true}]}}